{"id":72257,"date":"2024-03-13T09:48:54","date_gmt":"2024-03-13T08:48:54","guid":{"rendered":"https:\/\/addimat.kmugold6.ch\/distribution\/"},"modified":"2025-12-12T10:23:07","modified_gmt":"2025-12-12T09:23:07","slug":"distribution","status":"publish","type":"page","link":"https:\/\/addimat.ch\/fr\/distribution\/","title":{"rendered":"Distribution"},"content":{"rendered":"<p>[et_pb_section fb_built=\u00a0\u00bb1&Prime; fullwidth=\u00a0\u00bbon\u00a0\u00bb _builder_version=\u00a0\u00bb4.21.0&Prime; _module_preset=\u00a0\u00bbdefault\u00a0\u00bb global_colors_info=\u00a0\u00bb{}\u00a0\u00bb][et_pb_fullwidth_image title_text=\u00a0\u00bbteam-bg-1&Prime; _builder_version=\u00a0\u00bb4.23.1&Prime; _module_preset=\u00a0\u00bbdefault\u00a0\u00bb background_image=\u00a0\u00bbhttps:\/\/addimat.ch\/wp-content\/uploads\/team-bg-1.jpg\u00a0\u00bb parallax=\u00a0\u00bbon\u00a0\u00bb parallax_method=\u00a0\u00bboff\u00a0\u00bb background_enable_video_mp4=\u00a0\u00bboff\u00a0\u00bb background_enable_video_webm=\u00a0\u00bboff\u00a0\u00bb min_height=\u00a0\u00bb512px\u00a0\u00bb custom_padding=\u00a0\u00bb||0px|||\u00a0\u00bb background_last_edited=\u00a0\u00bboff|phone\u00a0\u00bb background_enable_video_mp4_phone=\u00a0\u00bboff\u00a0\u00bb global_colors_info=\u00a0\u00bb{}\u00a0\u00bb][\/et_pb_fullwidth_image][\/et_pb_section][et_pb_section fb_built=\u00a0\u00bb1&Prime; custom_padding_last_edited=\u00a0\u00bbon|phone\u00a0\u00bb _builder_version=\u00a0\u00bb4.23.1&Prime; _module_preset=\u00a0\u00bbdefault\u00a0\u00bb background_color=\u00a0\u00bb#000000&Prime; background_enable_image=\u00a0\u00bboff\u00a0\u00bb background_position=\u00a0\u00bbbottom_right\u00a0\u00bb background_enable_video_mp4=\u00a0\u00bboff\u00a0\u00bb background_enable_video_webm=\u00a0\u00bboff\u00a0\u00bb custom_padding=\u00a0\u00bb236px||||false|false\u00a0\u00bb custom_padding_tablet=\u00a0\u00bb150px||||false|false\u00a0\u00bb custom_padding_phone=\u00a0\u00bb100px||100px||true|false\u00a0\u00bb global_colors_info=\u00a0\u00bb{}\u00a0\u00bb][et_pb_row column_structure=\u00a0\u00bb3_5,2_5&Prime; custom_padding_last_edited=\u00a0\u00bbon|phone\u00a0\u00bb disabled_on=\u00a0\u00bbon|on|on\u00a0\u00bb admin_label=\u00a0\u00bbRow\u00a0\u00bb _builder_version=\u00a0\u00bb4.25.2&Prime; _module_preset=\u00a0\u00bbdefault\u00a0\u00bb background_color=\u00a0\u00bbrgba(0,158,226,0.76)\u00a0\u00bb width=\u00a0\u00bb90%\u00a0\u00bb max_width=\u00a0\u00bb1440px\u00a0\u00bb min_height=\u00a0\u00bb406px\u00a0\u00bb custom_margin=\u00a0\u00bb-450px|auto||auto|false|false\u00a0\u00bb custom_margin_tablet=\u00a0\u00bb-300px||||false|false\u00a0\u00bb custom_margin_phone=\u00a0\u00bb-450px|auto||auto|false|false\u00a0\u00bb custom_margin_last_edited=\u00a0\u00bbon|phone\u00a0\u00bb custom_padding=\u00a0\u00bb60px|60px|60px|60px|true|true\u00a0\u00bb custom_padding_tablet=\u00a0\u00bb36px|36px|36px|36px|true|true\u00a0\u00bb custom_padding_phone=\u00a0\u00bb30px|30px|30px|30px|true|true\u00a0\u00bb border_radii=\u00a0\u00bbon|30px|30px|30px|30px\u00a0\u00bb box_shadow_style=\u00a0\u00bbpreset1&Prime; disabled=\u00a0\u00bbon\u00a0\u00bb global_colors_info=\u00a0\u00bb{}\u00a0\u00bb][et_pb_column type=\u00a0\u00bb3_5&Prime; _builder_version=\u00a0\u00bb4.21.0&Prime; _module_preset=\u00a0\u00bbdefault\u00a0\u00bb global_colors_info=\u00a0\u00bb{}\u00a0\u00bb][et_pb_text _builder_version=\u00a0\u00bb4.24.2&Prime; _module_preset=\u00a0\u00bbdefault\u00a0\u00bb text_font=\u00a0\u00bb|800|||||||\u00a0\u00bb text_font_size=\u00a0\u00bb56px\u00a0\u00bb header_font=\u00a0\u00bb|800|||||||\u00a0\u00bb header_2_font=\u00a0\u00bb|900|||||||\u00a0\u00bb header_2_text_color=\u00a0\u00bb#ffffff\u00a0\u00bb header_2_font_size=\u00a0\u00bb56px\u00a0\u00bb custom_margin=\u00a0\u00bb||6px|||\u00a0\u00bb header_2_font_size_tablet=\u00a0\u00bb34px\u00a0\u00bb header_2_font_size_phone=\u00a0\u00bb24px\u00a0\u00bb header_2_font_size_last_edited=\u00a0\u00bbon|phone\u00a0\u00bb global_colors_info=\u00a0\u00bb{}\u00a0\u00bb]<\/p>\n<h2>Distribution\u00a0<span style=\"color: #000000;\">Addimat<\/span><\/h2>\n<p>[\/et_pb_text][et_pb_text _builder_version=\u00a0\u00bb4.23.1&Prime; _module_preset=\u00a0\u00bbdefault\u00a0\u00bb text_font=\u00a0\u00bb||||||||\u00a0\u00bb text_text_color=\u00a0\u00bb#ffffff\u00a0\u00bb text_font_size=\u00a0\u00bb18px\u00a0\u00bb text_line_height=\u00a0\u00bb1.5em\u00a0\u00bb custom_margin=\u00a0\u00bb||16px|||\u00a0\u00bb text_font_size_tablet=\u00a0\u00bb18px\u00a0\u00bb text_font_size_phone=\u00a0\u00bb16px\u00a0\u00bb text_font_size_last_edited=\u00a0\u00bbon|phone\u00a0\u00bb global_colors_info=\u00a0\u00bb{}\u00a0\u00bb]<\/p>\n<p>Comment Addimat vous aide \u00e0 optimiser votre syst\u00e8me de d\u00e9bit<\/p>\n<p>[\/et_pb_text][et_pb_text _builder_version=\u00a0\u00bb4.24.2&Prime; _module_preset=\u00a0\u00bbdefault\u00a0\u00bb text_font=\u00a0\u00bb||||||||\u00a0\u00bb text_text_color=\u00a0\u00bb#ffffff\u00a0\u00bb text_font_size=\u00a0\u00bb18px\u00a0\u00bb text_line_height=\u00a0\u00bb1.5em\u00a0\u00bb custom_margin=\u00a0\u00bb-10px|||||\u00a0\u00bb text_font_size_tablet=\u00a0\u00bb18px\u00a0\u00bb text_font_size_phone=\u00a0\u00bb14px\u00a0\u00bb text_font_size_last_edited=\u00a0\u00bbon|phone\u00a0\u00bb global_colors_info=\u00a0\u00bb{}\u00a0\u00bb]<\/p>\n<p>Vous g\u00e9rez un restaurant, un bar, ou autre lieu gastronomique ou organisez des \u00e9v\u00e9nements et vous cherchez \u00e0 rendre votre syst\u00e8me de d\u00e9bit plus efficace, plus s\u00fbr et plus rentable? Alors Addimat est le partenaire id\u00e9al pour vous. \u00a0Addimat est un producteur leader de syst\u00e8me de d\u00e9bit et de contr\u00f4le en Suisse et les r\u00e9gions limitrophes. Addimat vous offre des solutions individuelles \u00e0 vos besoins de la planification, \u00e0 l&rsquo;installation jusqu&rsquo;au service.\u00a0<\/p>\n<p>[\/et_pb_text][\/et_pb_column][et_pb_column type=\u00a0\u00bb2_5&Prime; _builder_version=\u00a0\u00bb4.21.0&Prime; _module_preset=\u00a0\u00bbdefault\u00a0\u00bb global_colors_info=\u00a0\u00bb{}\u00a0\u00bb][et_pb_code _builder_version=\u00a0\u00bb4.23.1&Prime; _module_preset=\u00a0\u00bbdefault\u00a0\u00bb global_colors_info=\u00a0\u00bb{}\u00a0\u00bb]<pee><script src=\"https:\/\/fast.wistia.com\/embed\/medias\/rzkpg21aho.jsonp\" async><\/script><script src=\"https:\/\/fast.wistia.com\/assets\/external\/E-v1.js\" async><\/script><\/pee><!-- [et_pb_line_break_holder] --><\/p>\n<div class=\"wistia_responsive_padding\" style=\"padding: 56.25% 0 0 0; position: relative;\"><!-- [et_pb_line_break_holder] --><\/p>\n<div class=\"wistia_responsive_wrapper\" style=\"height: 100%; left: 0; position: absolute; top: 0; width: 100%;\"><!-- [et_pb_line_break_holder] --><\/p>\n<div class=\"wistia_embed wistia_async_rzkpg21aho seo=false videoFoam=true\" style=\"height: 100%; position: relative; width: 100%;\">\u00a0<\/div>\n<p><!-- [et_pb_line_break_holder] --><\/div>\n<p><!-- [et_pb_line_break_holder] --><\/div>\n<p>[\/et_pb_code][\/et_pb_column][\/et_pb_row][et_pb_row column_structure=\u00a0\u00bb1_2,1_2&Prime; make_equal=\u00a0\u00bbon\u00a0\u00bb _builder_version=\u00a0\u00bb4.24.2&Prime; _module_preset=\u00a0\u00bbdefault\u00a0\u00bb background_enable_video_mp4=\u00a0\u00bboff\u00a0\u00bb width=\u00a0\u00bb90%\u00a0\u00bb max_width=\u00a0\u00bb1430px\u00a0\u00bb custom_padding=\u00a0\u00bb||||false|false\u00a0\u00bb custom_css_free_form=\u00a0\u00bbdisplay: flex;\u00a0\u00bb border_color_all=\u00a0\u00bb#000000&Prime; border_style_all=\u00a0\u00bbnone\u00a0\u00bb global_colors_info=\u00a0\u00bb{}\u00a0\u00bb][et_pb_column type=\u00a0\u00bb1_2&Prime; _builder_version=\u00a0\u00bb4.23.1&Prime; _module_preset=\u00a0\u00bbdefault\u00a0\u00bb background_color=\u00a0\u00bb#FFFFFF\u00a0\u00bb custom_padding=\u00a0\u00bb||||false|false\u00a0\u00bb border_radii=\u00a0\u00bbon|26px|26px|26px|26px\u00a0\u00bb box_shadow_style=\u00a0\u00bbpreset1&Prime; global_colors_info=\u00a0\u00bb{}\u00a0\u00bb][et_pb_code _builder_version=\u00a0\u00bb4.24.2&Prime; _module_preset=\u00a0\u00bbdefault\u00a0\u00bb global_colors_info=\u00a0\u00bb{}\u00a0\u00bb][\/et_pb_code][et_pb_text _builder_version=\u00a0\u00bb4.24.2&Prime; _module_preset=\u00a0\u00bbdefault\u00a0\u00bb text_font=\u00a0\u00bb||||||||\u00a0\u00bb text_font_size=\u00a0\u00bb26px\u00a0\u00bb header_font=\u00a0\u00bb|700|||||||\u00a0\u00bb header_font_size=\u00a0\u00bb37px\u00a0\u00bb header_3_font=\u00a0\u00bb|700|||||||\u00a0\u00bb header_3_font_size=\u00a0\u00bb28px\u00a0\u00bb min_height=\u00a0\u00bb32px\u00a0\u00bb custom_margin=\u00a0\u00bb23px||3px|||\u00a0\u00bb custom_padding=\u00a0\u00bb0px|22px|3px|22px|false|true\u00a0\u00bb header_3_font_size_tablet=\u00a0\u00bb28px\u00a0\u00bb header_3_font_size_phone=\u00a0\u00bb20px\u00a0\u00bb header_3_font_size_last_edited=\u00a0\u00bbon|phone\u00a0\u00bb global_colors_info=\u00a0\u00bb{}\u00a0\u00bb]<\/p>\n<h3>Contr\u00f4le du d\u00e9bit<\/h3>\n<p>[\/et_pb_text][et_pb_divider color=\u00a0\u00bb#009EE2&Prime; divider_weight=\u00a0\u00bb12px\u00a0\u00bb _builder_version=\u00a0\u00bb4.23.1&Prime; _module_preset=\u00a0\u00bbdefault\u00a0\u00bb width=\u00a0\u00bb35%\u00a0\u00bb custom_margin=\u00a0\u00bb||-2px|||\u00a0\u00bb custom_padding=\u00a0\u00bb|||1.1vw|false|false\u00a0\u00bb custom_padding_tablet=\u00a0\u00bb|||1.1vw|false|false\u00a0\u00bb custom_padding_phone=\u00a0\u00bb|||5vw|false|false\u00a0\u00bb custom_padding_last_edited=\u00a0\u00bbon|phone\u00a0\u00bb global_colors_info=\u00a0\u00bb{}\u00a0\u00bb][\/et_pb_divider][et_pb_text _builder_version=\u00a0\u00bb4.25.1&Prime; _module_preset=\u00a0\u00bbdefault\u00a0\u00bb text_text_color=\u00a0\u00bb#39393A\u00a0\u00bb header_3_font_size=\u00a0\u00bb18px\u00a0\u00bb custom_padding=\u00a0\u00bb|2vw||2vw|false|false\u00a0\u00bb global_colors_info=\u00a0\u00bb{}\u00a0\u00bb]<\/p>\n<p>Consultation, vente et conseil d&rsquo;Addimat AG est divis\u00e9 en deux r\u00e9gions en Suisse. Voir le plan d&rsquo;ensemble.<\/p>\n<p><strong>D\u00e9veloppement, production, vente et service<\/strong><\/p>\n<table border=\"0\" style=\"border-collapse: collapse; width: 100%;\">\n<tbody>\n<tr>\n<td style=\"width: 50%;\"><img loading=\"lazy\" decoding=\"async\" src=\"\/wp-content\/uploads\/addimat.png\" width=\"160\" height=\"70\" alt=\"\" class=\"wp-image-7934 alignnone size-full\" \/><\/td>\n<td style=\"width: 50%;\"><strong>Addimat AG<br \/><\/strong>Neufeldstrasse 2<br \/>CH-3076 Worb<br \/>Tel. +41 (0)31 838 50 00<br \/><strong><br \/><a c=\"\" href=\"mailto:info@addimat.ch\">info@addimat.ch<\/a><br \/><a href=\"http:\/\/www.addimat.ch\">www.addimat.ch<\/a><\/strong><\/td>\n<\/tr>\n<\/tbody>\n<\/table>\n<p><strong>Vente et service, Suisse al\u00e9manique<\/strong><\/p>\n<table border=\"0\" style=\"border-collapse: collapse; width: 100%;\">\n<tbody>\n<tr>\n<td style=\"width: 50%;\"><img loading=\"lazy\" decoding=\"async\" src=\"\/wp-content\/uploads\/logo_apd.png\" width=\"160\" height=\"80\" alt=\"\" class=\"wp-image-72518 alignnone size-full\" \/><\/td>\n<td style=\"width: 50%;\">\n<p><strong>APD Addimat AG<\/strong><br \/>Etzelmatt 5<br \/>CH-5430 Wettingen<br \/>Tel. +41 (0)56 427 45 45<\/p>\n<p><a href=\"mailto:info@apdaddimat.ch\" title=\"Mail an APD Addimat\">info@apdaddimat.ch<\/a><br \/><a href=\"http:\/\/www.apdaddimat.ch\/\" target=\"_blank\" title=\"zur Website ATP Addimat\" rel=\"noopener\">www.apdaddimat.ch<\/a><\/p>\n<\/td>\n<\/tr>\n<\/tbody>\n<\/table>\n<p><strong>Ventes et services, Belgique<\/strong><\/p>\n<table border=\"0\" style=\"border-collapse: collapse; width: 100%;\">\n<tbody>\n<tr>\n<td style=\"width: 50%;\"><img loading=\"lazy\" decoding=\"async\" src=\"\/wp-content\/uploads\/logo_hendrickx.png\" width=\"160\" height=\"129\" alt=\"\" class=\"wp-image-72520 alignnone size-full\" style=\"font-size: 14px;\" \/><\/td>\n<td style=\"width: 50%;\">\n<p><strong>Hendrickx nv<\/strong><br \/>Industrieweg 1074<br \/>B-3540 Herk-de Stad<br \/>Tel. +32 13 555 130<\/p>\n<p><a href=\"mailto:info@hendrickxnv.be\" title=\"Mail an Hendrickxnv\">info@hendrickxnv.be<\/a><br \/><a href=\"http:\/\/www.hendrickxnv.be\/\" target=\"_blank\" title=\"zur Website Hendrickxnv.be\" rel=\"noopener\">www.hendrickxnv.be<\/a><\/p>\n<\/td>\n<\/tr>\n<\/tbody>\n<\/table>\n<p>\u00a0<\/p>\n<p>\u00a0<\/p>\n<p>\u00a0<\/p>\n<p>[\/et_pb_text][\/et_pb_column][et_pb_column type=\u00a0\u00bb1_2&Prime; _builder_version=\u00a0\u00bb4.23.1&Prime; _module_preset=\u00a0\u00bbdefault\u00a0\u00bb background_color=\u00a0\u00bb#FFFFFF\u00a0\u00bb custom_padding=\u00a0\u00bb||||false|false\u00a0\u00bb border_radii=\u00a0\u00bbon|26px|26px|26px|26px\u00a0\u00bb box_shadow_style=\u00a0\u00bbpreset1&Prime; global_colors_info=\u00a0\u00bb{}\u00a0\u00bb][et_pb_code _builder_version=\u00a0\u00bb4.24.2&Prime; _module_preset=\u00a0\u00bbdefault\u00a0\u00bb global_colors_info=\u00a0\u00bb{}\u00a0\u00bb][\/et_pb_code][et_pb_text _builder_version=\u00a0\u00bb4.24.2&Prime; _module_preset=\u00a0\u00bbdefault\u00a0\u00bb text_font=\u00a0\u00bb||||||||\u00a0\u00bb text_font_size=\u00a0\u00bb26px\u00a0\u00bb header_font=\u00a0\u00bb|700|||||||\u00a0\u00bb header_font_size=\u00a0\u00bb37px\u00a0\u00bb header_3_font=\u00a0\u00bb|700|||||||\u00a0\u00bb header_3_font_size=\u00a0\u00bb28px\u00a0\u00bb min_height=\u00a0\u00bb32px\u00a0\u00bb custom_margin=\u00a0\u00bb23px||3px|||\u00a0\u00bb custom_padding=\u00a0\u00bb0px|22px|3px|22px|false|true\u00a0\u00bb header_3_font_size_tablet=\u00a0\u00bb28px\u00a0\u00bb header_3_font_size_phone=\u00a0\u00bb20px\u00a0\u00bb header_3_font_size_last_edited=\u00a0\u00bbon|phone\u00a0\u00bb global_colors_info=\u00a0\u00bb{}\u00a0\u00bb]<\/p>\n<h3>Stylos-d\u00e9codeurs et serrures \u00e0 stylo<\/h3>\n<p>[\/et_pb_text][et_pb_divider color=\u00a0\u00bb#009EE2&Prime; divider_weight=\u00a0\u00bb12px\u00a0\u00bb _builder_version=\u00a0\u00bb4.23.1&Prime; _module_preset=\u00a0\u00bbdefault\u00a0\u00bb width=\u00a0\u00bb35%\u00a0\u00bb custom_margin=\u00a0\u00bb||-2px|||\u00a0\u00bb custom_padding=\u00a0\u00bb|||1.1vw|false|false\u00a0\u00bb custom_padding_tablet=\u00a0\u00bb|||1.1vw|false|false\u00a0\u00bb custom_padding_phone=\u00a0\u00bb|||5vw|false|false\u00a0\u00bb custom_padding_last_edited=\u00a0\u00bbon|phone\u00a0\u00bb global_colors_info=\u00a0\u00bb{}\u00a0\u00bb][\/et_pb_divider][et_pb_text _builder_version=\u00a0\u00bb4.27.0&Prime; _module_preset=\u00a0\u00bbdefault\u00a0\u00bb text_text_color=\u00a0\u00bb#39393A\u00a0\u00bb custom_padding=\u00a0\u00bb|2vw||2vw|false|false\u00a0\u00bb hover_enabled=\u00a0\u00bb0&Prime; global_colors_info=\u00a0\u00bb{}\u00a0\u00bb sticky_enabled=\u00a0\u00bb0&Prime;]<\/p>\n<p>La distribution est assur\u00e9e exclusivement par Addimat AG ainsi que par nos partenaires de distribution de longue date..<\/p>\n<p><strong>Distributeur EU<\/strong><\/p>\n<table border=\"0\" style=\"border-collapse: collapse; width: 100%;\">\n<tbody>\n<tr>\n<td style=\"width: 50%;\"><img loading=\"lazy\" decoding=\"async\" src=\"\/wp-content\/uploads\/pulsa-logo.png\" width=\"160\" height=\"56\" alt=\"\" class=\"wp-image-72536 alignnone size-full\" \/><\/td>\n<td style=\"width: 50%;\">\n<p><strong>PULSA GmbH<\/strong><br \/>Landweg 6<br \/>D-32339 Espelkamp<\/p>\n<p>&nbsp;<\/p>\n<p>&nbsp;<\/p>\n<p><a href=\"mailto:info@pulsa.de\" style=\"font-size: 14px;\">info@pulsa.de<\/a><br \/><a href=\"http:\/\/www.pulsa.de\">www.pulsa.de<\/a><\/p>\n<\/td>\n<\/tr>\n<\/tbody>\n<\/table>\n<p>\u00a0<strong>Distribution Suisse \/ autres pays<\/strong><\/p>\n<table border=\"0\" style=\"border-collapse: collapse; width: 100%;\">\n<tbody>\n<tr>\n<td style=\"width: 50%;\"><img loading=\"lazy\" decoding=\"async\" src=\"\/wp-content\/uploads\/addimat.png\" width=\"160\" height=\"70\" alt=\"\" class=\"wp-image-7934 alignnone size-full\" \/><\/td>\n<td style=\"width: 50%;\">\n<p><strong>Addimat AG<\/strong><br \/>Neufeldstrasse 2<br \/>CH-3076 Worb<br \/>Tel. +41 (0)31 838 50 00<\/p>\n<p>&nbsp;<\/p>\n<p>&nbsp;<\/p>\n<p><a class=\"emo_email\" href=\"mailto:info@addimat.ch\">info@addimat.ch<\/a><br \/><a href=\"http:\/\/www.addimat.ch\/\">www.addimat.ch<\/a><\/p>\n<\/td>\n<\/tr>\n<\/tbody>\n<\/table>\n<p>&nbsp;<\/p>\n<p>[\/et_pb_text][\/et_pb_column][\/et_pb_row][\/et_pb_section][et_pb_section fb_built=\u00a0\u00bb1&Prime; module_id=\u00a0\u00bbslider-4&Prime; _builder_version=\u00a0\u00bb4.23.1&Prime; _module_preset=\u00a0\u00bbdefault\u00a0\u00bb background_color=\u00a0\u00bb#39393A\u00a0\u00bb custom_padding=\u00a0\u00bb||5px|||\u00a0\u00bb saved_tabs=\u00a0\u00bball\u00a0\u00bb global_colors_info=\u00a0\u00bb{}\u00a0\u00bb][et_pb_row column_structure=\u00a0\u00bb1_2,1_2&Prime; _builder_version=\u00a0\u00bb4.21.0&Prime; _module_preset=\u00a0\u00bbdefault\u00a0\u00bb width=\u00a0\u00bb90%\u00a0\u00bb max_width=\u00a0\u00bb1440px\u00a0\u00bb custom_padding=\u00a0\u00bb8px|||||\u00a0\u00bb global_colors_info=\u00a0\u00bb{}\u00a0\u00bb][et_pb_column type=\u00a0\u00bb1_2&Prime; _builder_version=\u00a0\u00bb4.21.0&Prime; _module_preset=\u00a0\u00bbdefault\u00a0\u00bb global_colors_info=\u00a0\u00bb{}\u00a0\u00bb][et_pb_text _builder_version=\u00a0\u00bb4.24.1&Prime; _module_preset=\u00a0\u00bbdefault\u00a0\u00bb text_font=\u00a0\u00bb|800|||||||\u00a0\u00bb text_font_size=\u00a0\u00bb56px\u00a0\u00bb header_font=\u00a0\u00bb|800|||||||\u00a0\u00bb header_2_font=\u00a0\u00bb|900|||||||\u00a0\u00bb header_2_text_color=\u00a0\u00bb#ffffff\u00a0\u00bb header_2_font_size=\u00a0\u00bb56px\u00a0\u00bb custom_margin=\u00a0\u00bb||21px||false|false\u00a0\u00bb header_2_font_size_tablet=\u00a0\u00bb34px\u00a0\u00bb header_2_font_size_phone=\u00a0\u00bb24px\u00a0\u00bb header_2_font_size_last_edited=\u00a0\u00bbon|phone\u00a0\u00bb global_colors_info=\u00a0\u00bb{}\u00a0\u00bb]<\/p>\n<h2>Bien\u00a0<span style=\"color: #009de1;\">conseill\u00e9<\/span><\/h2>\n<p>[\/et_pb_text][et_pb_text _builder_version=\u00a0\u00bb4.24.1&Prime; _module_preset=\u00a0\u00bbdefault\u00a0\u00bb text_font=\u00a0\u00bb||||||||\u00a0\u00bb text_text_color=\u00a0\u00bb#ffffff\u00a0\u00bb text_font_size=\u00a0\u00bb18px\u00a0\u00bb text_line_height=\u00a0\u00bb1.5em\u00a0\u00bb text_font_size_tablet=\u00a0\u00bb18px\u00a0\u00bb text_font_size_phone=\u00a0\u00bb16px\u00a0\u00bb text_font_size_last_edited=\u00a0\u00bbon|phone\u00a0\u00bb global_colors_info=\u00a0\u00bb{}\u00a0\u00bb]<\/p>\n<ul class=\"is-style-infosec-list\">\n<li>R\u00e9novation &amp; Ouverture<\/li>\n<li>Optimisation des proc\u00e8s de d\u00e9bit<\/li>\n<li>Solutions individuelles\u00a0<\/li>\n<li>Economisez manifestement des co\u00fbts et du temps<\/li>\n<li>De la conception \u00e0 la coordination \u00e0 la mise en service<\/li>\n<li>Une organisation qui fonctionne de mani\u00e8re impeccable<\/li>\n<li>Qualit\u00e9 suisse et fiabilit\u00e9<\/li>\n<\/ul>\n<p>[\/et_pb_text][et_pb_text disabled_on=\u00a0\u00bbon|on|on\u00a0\u00bb _builder_version=\u00a0\u00bb4.24.1&Prime; _module_preset=\u00a0\u00bbdefault\u00a0\u00bb text_font=\u00a0\u00bb||||||||\u00a0\u00bb text_text_color=\u00a0\u00bb#009EE2&Prime; text_font_size=\u00a0\u00bb18px\u00a0\u00bb text_line_height=\u00a0\u00bb1.5em\u00a0\u00bb custom_margin=\u00a0\u00bb||18px|||\u00a0\u00bb text_font_size_tablet=\u00a0\u00bb18px\u00a0\u00bb text_font_size_phone=\u00a0\u00bb16px\u00a0\u00bb text_font_size_last_edited=\u00a0\u00bbon|phone\u00a0\u00bb disabled=\u00a0\u00bbon\u00a0\u00bb global_colors_info=\u00a0\u00bb{}\u00a0\u00bb]<\/p>\n<p>lors des sujets suivants:<\/p>\n<p>[\/et_pb_text][\/et_pb_column][et_pb_column type=\u00a0\u00bb1_2&Prime; _builder_version=\u00a0\u00bb4.21.0&Prime; _module_preset=\u00a0\u00bbdefault\u00a0\u00bb global_colors_info=\u00a0\u00bb{}\u00a0\u00bb][et_pb_text _builder_version=\u00a0\u00bb4.24.1&Prime; _module_preset=\u00a0\u00bbdefault\u00a0\u00bb text_font=\u00a0\u00bb|800|||||||\u00a0\u00bb text_font_size=\u00a0\u00bb56px\u00a0\u00bb header_font=\u00a0\u00bb|800|||||||\u00a0\u00bb header_2_font=\u00a0\u00bb|900|||||||\u00a0\u00bb header_2_text_color=\u00a0\u00bb#ffffff\u00a0\u00bb header_2_font_size=\u00a0\u00bb56px\u00a0\u00bb header_3_text_color=\u00a0\u00bb#ffffff\u00a0\u00bb header_3_font_size=\u00a0\u00bb25px\u00a0\u00bb custom_margin=\u00a0\u00bb||21px|||\u00a0\u00bb custom_padding=\u00a0\u00bb1.5vw||||false|false\u00a0\u00bb header_2_font_size_tablet=\u00a0\u00bb34px\u00a0\u00bb header_2_font_size_phone=\u00a0\u00bb24px\u00a0\u00bb header_2_font_size_last_edited=\u00a0\u00bbon|phone\u00a0\u00bb header_3_font_size_tablet=\u00a0\u00bb\u00a0\u00bb header_3_font_size_phone=\u00a0\u00bb24px\u00a0\u00bb header_3_font_size_last_edited=\u00a0\u00bbon|phone\u00a0\u00bb global_colors_info=\u00a0\u00bb{}\u00a0\u00bb]<\/p>\n<h3><span style=\"color: #009de1;\">Avantages <\/span>par nos\u00a0<span style=\"color: #009de1;\">installations et syst\u00e8mes<\/span><\/h3>\n<p>[\/et_pb_text][et_pb_text _builder_version=\u00a0\u00bb4.24.1&Prime; _module_preset=\u00a0\u00bbdefault\u00a0\u00bb text_font=\u00a0\u00bb||||||||\u00a0\u00bb text_text_color=\u00a0\u00bb#ffffff\u00a0\u00bb text_font_size=\u00a0\u00bb18px\u00a0\u00bb text_line_height=\u00a0\u00bb1.5em\u00a0\u00bb text_font_size_tablet=\u00a0\u00bb18px\u00a0\u00bb text_font_size_phone=\u00a0\u00bb16px\u00a0\u00bb text_font_size_last_edited=\u00a0\u00bbon|phone\u00a0\u00bb global_colors_info=\u00a0\u00bb{}\u00a0\u00bb]<\/p>\n<ul>\n<li>R\u00e9duit la perte de d\u00e9bit<\/li>\n<li>Augmente l&rsquo;hygi\u00e8ne<\/li>\n<li>Am\u00e9liore la qualit\u00e9 des boissons<\/li>\n<li>Simplifie le stockage et le transport des boissons<\/li>\n<li>Acc\u00e9l\u00e8re le service<\/li>\n<li>Baisse les co\u00fbts d&rsquo;exploitation<\/li>\n<li>\u00c0 effet durable &amp; \u00e9cologique<\/li>\n<\/ul>\n<p>[\/et_pb_text][\/et_pb_column][\/et_pb_row][\/et_pb_section]<\/p>\n","protected":false},"excerpt":{"rendered":"<p>Distribution\u00a0AddimatComment Addimat vous aide \u00e0 optimiser votre syst\u00e8me de d\u00e9bitVous g\u00e9rez un restaurant, un bar, ou autre lieu gastronomique ou organisez des \u00e9v\u00e9nements et vous cherchez \u00e0 rendre votre syst\u00e8me de d\u00e9bit plus efficace, plus s\u00fbr et plus rentable? Alors Addimat est le partenaire id\u00e9al pour vous. \u00a0Addimat est un producteur leader de syst\u00e8me de d\u00e9bit et de contr\u00f4le en Suisse et les r\u00e9gions limitrophes. Addimat vous offre des solutions individuelles \u00e0 vos besoins de la planification, \u00e0 l&rsquo;installation jusqu&rsquo;au service.\u00a0Contr\u00f4le du d\u00e9bitConsultation, vente et conseil d&rsquo;Addimat AG est divis\u00e9 en deux r\u00e9gions en Suisse. Voir le plan d&rsquo;ensemble. D\u00e9veloppement, production, vente et service Addimat AGNeufeldstrasse 2CH-3076 WorbTel. +41 (0)31 838 50 00info@addimat.chwww.addimat.ch Vente et service, Suisse al\u00e9manique APD Addimat AGEtzelmatt 5CH-5430 WettingenTel. +41 (0)56 427 45 45 info@apdaddimat.chwww.apdaddimat.ch Ventes et services, Belgique Hendrickx nvIndustrieweg 1074B-3540 Herk-de StadTel. +32 13 555 130 info@hendrickxnv.bewww.hendrickxnv.be \u00a0 \u00a0 \u00a0Stylos-d\u00e9codeurs et serrures \u00e0 styloLa distribution est assur\u00e9e exclusivement par Addimat AG ainsi que par nos partenaires de distribution de longue date.. Distributeur EU PULSA GmbHLandweg 6D-32339 Espelkamp &nbsp; &nbsp; info@pulsa.dewww.pulsa.de \u00a0Distribution Suisse \/ autres pays Addimat AGNeufeldstrasse 2CH-3076 WorbTel. +41 (0)31 838 50 00 &nbsp; &nbsp; info@addimat.chwww.addimat.ch &nbsp;Bien\u00a0conseill\u00e9 R\u00e9novation &amp; Ouverture Optimisation des proc\u00e8s [&hellip;]<\/p>\n","protected":false},"author":2,"featured_media":0,"parent":0,"menu_order":0,"comment_status":"closed","ping_status":"closed","template":"","meta":{"_et_pb_use_builder":"on","_et_pb_old_content":"","_et_gb_content_width":"","footnotes":""},"class_list":["post-72257","page","type-page","status-publish","hentry"],"_links":{"self":[{"href":"https:\/\/addimat.ch\/fr\/wp-json\/wp\/v2\/pages\/72257","targetHints":{"allow":["GET"]}}],"collection":[{"href":"https:\/\/addimat.ch\/fr\/wp-json\/wp\/v2\/pages"}],"about":[{"href":"https:\/\/addimat.ch\/fr\/wp-json\/wp\/v2\/types\/page"}],"author":[{"embeddable":true,"href":"https:\/\/addimat.ch\/fr\/wp-json\/wp\/v2\/users\/2"}],"replies":[{"embeddable":true,"href":"https:\/\/addimat.ch\/fr\/wp-json\/wp\/v2\/comments?post=72257"}],"version-history":[{"count":29,"href":"https:\/\/addimat.ch\/fr\/wp-json\/wp\/v2\/pages\/72257\/revisions"}],"predecessor-version":[{"id":73734,"href":"https:\/\/addimat.ch\/fr\/wp-json\/wp\/v2\/pages\/72257\/revisions\/73734"}],"wp:attachment":[{"href":"https:\/\/addimat.ch\/fr\/wp-json\/wp\/v2\/media?parent=72257"}],"curies":[{"name":"wp","href":"https:\/\/api.w.org\/{rel}","templated":true}]}}