{"id":72283,"date":"2023-06-06T06:19:52","date_gmt":"2023-06-06T04:19:52","guid":{"rendered":"https:\/\/addimat.kmugold6.ch\/conseil\/"},"modified":"2024-04-15T08:40:36","modified_gmt":"2024-04-15T06:40:36","slug":"conseil","status":"publish","type":"page","link":"https:\/\/addimat.ch\/fr\/conseil\/","title":{"rendered":"Conseil"},"content":{"rendered":"<p>[et_pb_section fb_built=\u00a0\u00bb1&Prime; fullwidth=\u00a0\u00bbon\u00a0\u00bb _builder_version=\u00a0\u00bb4.21.0&Prime; _module_preset=\u00a0\u00bbdefault\u00a0\u00bb global_colors_info=\u00a0\u00bb{}\u00a0\u00bb][et_pb_fullwidth_image title_text=\u00a0\u00bbaddi-bg\u00a0\u00bb _builder_version=\u00a0\u00bb4.23.1&Prime; _module_preset=\u00a0\u00bbdefault\u00a0\u00bb background_video_mp4=\u00a0\u00bbhttps:\/\/addimat.kmugold6.ch\/wp-content\/uploads\/addi-bg.webm\u00a0\u00bb background_enable_video_webm=\u00a0\u00bboff\u00a0\u00bb min_height=\u00a0\u00bb512px\u00a0\u00bb custom_padding=\u00a0\u00bb||0px|||\u00a0\u00bb background_last_edited=\u00a0\u00bboff|phone\u00a0\u00bb background_enable_video_mp4_phone=\u00a0\u00bboff\u00a0\u00bb global_colors_info=\u00a0\u00bb{}\u00a0\u00bb][\/et_pb_fullwidth_image][\/et_pb_section][et_pb_section fb_built=\u00a0\u00bb1&Prime; custom_padding_last_edited=\u00a0\u00bbon|phone\u00a0\u00bb _builder_version=\u00a0\u00bb4.23.1&Prime; _module_preset=\u00a0\u00bbdefault\u00a0\u00bb use_background_color_gradient=\u00a0\u00bbon\u00a0\u00bb background_color_gradient_direction=\u00a0\u00bb158deg\u00a0\u00bb background_color_gradient_stops=\u00a0\u00bb#ffffff 30%|rgba(246, 246, 246, 1) 30%|#f0f0f0 50%|rgba(244, 244, 244, 1) 70%|#ffffff 70%\u00a0\u00bb background_image=\u00a0\u00bbhttps:\/\/addimat.kmugold6.ch\/wp-content\/uploads\/addimat-1-scaled.jpg\u00a0\u00bb background_position=\u00a0\u00bbbottom_right\u00a0\u00bb custom_padding=\u00a0\u00bb236px||||false|false\u00a0\u00bb custom_padding_tablet=\u00a0\u00bb150px||||false|false\u00a0\u00bb custom_padding_phone=\u00a0\u00bb100px||100px||true|false\u00a0\u00bb global_colors_info=\u00a0\u00bb{}\u00a0\u00bb][et_pb_row custom_padding_last_edited=\u00a0\u00bbon|phone\u00a0\u00bb admin_label=\u00a0\u00bbRow\u00a0\u00bb _builder_version=\u00a0\u00bb4.23.1&Prime; _module_preset=\u00a0\u00bbdefault\u00a0\u00bb background_color=\u00a0\u00bb#000000&Prime; width=\u00a0\u00bb90%\u00a0\u00bb max_width=\u00a0\u00bb1440px\u00a0\u00bb min_height=\u00a0\u00bb406px\u00a0\u00bb custom_margin=\u00a0\u00bb-450px|auto||auto|false|false\u00a0\u00bb custom_margin_tablet=\u00a0\u00bb-300px||||false|false\u00a0\u00bb custom_margin_phone=\u00a0\u00bb-450px|auto||auto|false|false\u00a0\u00bb custom_margin_last_edited=\u00a0\u00bbon|phone\u00a0\u00bb custom_padding=\u00a0\u00bb60px|60px|60px|60px|true|true\u00a0\u00bb custom_padding_tablet=\u00a0\u00bb36px|36px|36px|36px|true|true\u00a0\u00bb custom_padding_phone=\u00a0\u00bb30px|30px|30px|30px|true|true\u00a0\u00bb border_radii=\u00a0\u00bbon|30px|30px|30px|30px\u00a0\u00bb box_shadow_style=\u00a0\u00bbpreset1&Prime; global_colors_info=\u00a0\u00bb{}\u00a0\u00bb][et_pb_column type=\u00a0\u00bb4_4&Prime; _builder_version=\u00a0\u00bb4.21.0&Prime; _module_preset=\u00a0\u00bbdefault\u00a0\u00bb global_colors_info=\u00a0\u00bb{}\u00a0\u00bb][et_pb_text _builder_version=\u00a0\u00bb4.23.1&Prime; _module_preset=\u00a0\u00bbdefault\u00a0\u00bb text_font=\u00a0\u00bb|800|||||||\u00a0\u00bb text_font_size=\u00a0\u00bb56px\u00a0\u00bb header_font=\u00a0\u00bb|800|||||||\u00a0\u00bb header_2_font=\u00a0\u00bb|900|||||||\u00a0\u00bb header_2_text_color=\u00a0\u00bb#ffffff\u00a0\u00bb header_2_font_size=\u00a0\u00bb56px\u00a0\u00bb custom_margin=\u00a0\u00bb||6px|||\u00a0\u00bb header_2_font_size_tablet=\u00a0\u00bb34px\u00a0\u00bb header_2_font_size_phone=\u00a0\u00bb24px\u00a0\u00bb header_2_font_size_last_edited=\u00a0\u00bbon|phone\u00a0\u00bb global_colors_info=\u00a0\u00bb{}\u00a0\u00bb]<\/p>\n<h2>\u00a0<\/h2>\n<h2>Syst\u00e8mes de d\u00e9bit, contr\u00f4le du d\u00e9bit des boissons et\u00a0<span style=\"color: #009ee2;\">technique de boisson\u00a0<\/span>d&rsquo;Addimat<\/h2>\n<h2>\u00a0<\/h2>\n<p>[\/et_pb_text][et_pb_text _builder_version=\u00a0\u00bb4.23.1&Prime; _module_preset=\u00a0\u00bbdefault\u00a0\u00bb text_font=\u00a0\u00bb||||||||\u00a0\u00bb text_text_color=\u00a0\u00bb#ffffff\u00a0\u00bb text_font_size=\u00a0\u00bb18px\u00a0\u00bb text_line_height=\u00a0\u00bb1.5em\u00a0\u00bb text_font_size_tablet=\u00a0\u00bb18px\u00a0\u00bb text_font_size_phone=\u00a0\u00bb16px\u00a0\u00bb text_font_size_last_edited=\u00a0\u00bbon|phone\u00a0\u00bb global_colors_info=\u00a0\u00bb{}\u00a0\u00bb]<\/p>\n<p>Depuis plus de 49 ans &#8211; production, installation, soutien &amp; planification<\/p>\n<p>[\/et_pb_text][et_pb_text _builder_version=\u00a0\u00bb4.23.1&Prime; _module_preset=\u00a0\u00bbdefault\u00a0\u00bb text_font=\u00a0\u00bb||||||||\u00a0\u00bb text_text_color=\u00a0\u00bb#ffffff\u00a0\u00bb text_font_size=\u00a0\u00bb18px\u00a0\u00bb text_line_height=\u00a0\u00bb1.5em\u00a0\u00bb custom_margin=\u00a0\u00bb-10px|||||\u00a0\u00bb text_font_size_tablet=\u00a0\u00bb18px\u00a0\u00bb text_font_size_phone=\u00a0\u00bb14px\u00a0\u00bb text_font_size_last_edited=\u00a0\u00bbon|phone\u00a0\u00bb global_colors_info=\u00a0\u00bb{}\u00a0\u00bb]<\/p>\n<p>Vos experts pour les syst\u00e8mes de d\u00e9bit des boissons dans la gastronomie. Qu&rsquo;il s&rsquo;agit de restaurants, bars ou h\u00f4tels, nous avons la solution id\u00e9ale \u00e0 tous vos besoins. Votre partenaire au buffet.\u00a0<\/p>\n<p>[\/et_pb_text][\/et_pb_column][\/et_pb_row][et_pb_row column_structure=\u00a0\u00bb1_3,1_3,1_3&Prime; _builder_version=\u00a0\u00bb4.23.1&Prime; _module_preset=\u00a0\u00bbdefault\u00a0\u00bb width=\u00a0\u00bb90%\u00a0\u00bb max_width=\u00a0\u00bb1430px\u00a0\u00bb custom_padding=\u00a0\u00bb||||false|false\u00a0\u00bb custom_css_free_form=\u00a0\u00bbdisplay: flex;\u00a0\u00bb border_color_all=\u00a0\u00bb#000000&Prime; border_style_all=\u00a0\u00bbnone\u00a0\u00bb global_colors_info=\u00a0\u00bb{}\u00a0\u00bb][et_pb_column type=\u00a0\u00bb1_3&Prime; _builder_version=\u00a0\u00bb4.23.1&Prime; _module_preset=\u00a0\u00bbdefault\u00a0\u00bb background_color=\u00a0\u00bb#FFFFFF\u00a0\u00bb custom_padding=\u00a0\u00bb||||false|false\u00a0\u00bb border_radii=\u00a0\u00bbon|26px|26px|26px|26px\u00a0\u00bb box_shadow_style=\u00a0\u00bbpreset1&Prime; global_colors_info=\u00a0\u00bb{}\u00a0\u00bb][et_pb_image src=\u00a0\u00bbhttps:\/\/addimat.kmugold6.ch\/wp-content\/uploads\/03.png\u00a0\u00bb title_text=\u00a0\u00bb03&Prime; align=\u00a0\u00bbcenter\u00a0\u00bb _builder_version=\u00a0\u00bb4.23.1&Prime; _module_preset=\u00a0\u00bbdefault\u00a0\u00bb background_enable_image=\u00a0\u00bboff\u00a0\u00bb background_size=\u00a0\u00bbinitial\u00a0\u00bb width_tablet=\u00a0\u00bb500px\u00a0\u00bb width_last_edited=\u00a0\u00bboff|phone\u00a0\u00bb module_alignment=\u00a0\u00bbcenter\u00a0\u00bb height_tablet=\u00a0\u00bb250px\u00a0\u00bb height_phone=\u00a0\u00bb\u00a0\u00bb height_last_edited=\u00a0\u00bbon|phone\u00a0\u00bb custom_margin=\u00a0\u00bb||||false|false\u00a0\u00bb custom_padding=\u00a0\u00bb1vw||1vw||true|true\u00a0\u00bb global_colors_info=\u00a0\u00bb{}\u00a0\u00bb][\/et_pb_image][et_pb_text _builder_version=\u00a0\u00bb4.23.1&Prime; _module_preset=\u00a0\u00bbdefault\u00a0\u00bb text_font=\u00a0\u00bb||||||||\u00a0\u00bb text_font_size=\u00a0\u00bb26px\u00a0\u00bb header_font=\u00a0\u00bb|700|||||||\u00a0\u00bb header_font_size=\u00a0\u00bb37px\u00a0\u00bb header_3_font=\u00a0\u00bb|700|||||||\u00a0\u00bb header_3_font_size=\u00a0\u00bb28px\u00a0\u00bb min_height=\u00a0\u00bb32px\u00a0\u00bb custom_margin=\u00a0\u00bb23px||3px|||\u00a0\u00bb custom_padding=\u00a0\u00bb0px|22px|3px|22px|false|true\u00a0\u00bb header_3_font_size_tablet=\u00a0\u00bb28px\u00a0\u00bb header_3_font_size_phone=\u00a0\u00bb20px\u00a0\u00bb header_3_font_size_last_edited=\u00a0\u00bbon|phone\u00a0\u00bb global_colors_info=\u00a0\u00bb{}\u00a0\u00bb]<\/p>\n<h3>Technique de boisson et projets<\/h3>\n<p>[\/et_pb_text][et_pb_text _builder_version=\u00a0\u00bb4.23.1&Prime; _module_preset=\u00a0\u00bbdefault\u00a0\u00bb text_font=\u00a0\u00bb||||||||\u00a0\u00bb text_text_color=\u00a0\u00bb#404040&Prime; text_font_size=\u00a0\u00bb18px\u00a0\u00bb text_line_height=\u00a0\u00bb1.5em\u00a0\u00bb min_height=\u00a0\u00bb135px\u00a0\u00bb custom_margin=\u00a0\u00bb-6px||1px|||\u00a0\u00bb custom_padding=\u00a0\u00bb6px|22px|25px|22px|false|true\u00a0\u00bb text_font_size_tablet=\u00a0\u00bb18px\u00a0\u00bb text_font_size_phone=\u00a0\u00bb16px\u00a0\u00bb text_font_size_last_edited=\u00a0\u00bbon|phone\u00a0\u00bb global_colors_info=\u00a0\u00bb{}\u00a0\u00bb]<\/p>\n<p>Gr\u00e2ce au site de production \u00e0 Worb, les d\u00e9sirs des clients peuvent \u00eatre r\u00e9alis\u00e9s sur mesure et leurs besoins dans la technique de boisson satisfaits de mani\u00e8re rapide et professionnelle<\/p>\n<p>[\/et_pb_text][et_pb_button button_text=\u00a0\u00bbLire plus\u00a0\u00bb button_alignment=\u00a0\u00bbleft\u00a0\u00bb _builder_version=\u00a0\u00bb4.23.1&Prime; _module_preset=\u00a0\u00bbdefault\u00a0\u00bb custom_button=\u00a0\u00bbon\u00a0\u00bb button_text_color=\u00a0\u00bb#ffffff\u00a0\u00bb button_bg_color=\u00a0\u00bb#009ee2&Prime; button_border_color=\u00a0\u00bb#009ee2&Prime; button_border_radius=\u00a0\u00bb30px\u00a0\u00bb background_layout=\u00a0\u00bbdark\u00a0\u00bb custom_margin=\u00a0\u00bb|22px|22px|22px|false|true\u00a0\u00bb custom_padding=\u00a0\u00bb8px|50px|8px|50px|true|true\u00a0\u00bb global_colors_info=\u00a0\u00bb{}\u00a0\u00bb][\/et_pb_button][\/et_pb_column][et_pb_column type=\u00a0\u00bb1_3&Prime; _builder_version=\u00a0\u00bb4.23.1&Prime; _module_preset=\u00a0\u00bbdefault\u00a0\u00bb background_color=\u00a0\u00bb#FFFFFF\u00a0\u00bb custom_padding=\u00a0\u00bb||||false|false\u00a0\u00bb border_radii=\u00a0\u00bbon|26px|26px|26px|26px\u00a0\u00bb box_shadow_style=\u00a0\u00bbpreset1&Prime; global_colors_info=\u00a0\u00bb{}\u00a0\u00bb][et_pb_image src=\u00a0\u00bbhttps:\/\/addimat.kmugold6.ch\/wp-content\/uploads\/01.png\u00a0\u00bb title_text=\u00a0\u00bb01&Prime; align=\u00a0\u00bbcenter\u00a0\u00bb _builder_version=\u00a0\u00bb4.23.1&Prime; _module_preset=\u00a0\u00bbdefault\u00a0\u00bb background_enable_image=\u00a0\u00bboff\u00a0\u00bb background_size=\u00a0\u00bbinitial\u00a0\u00bb width_tablet=\u00a0\u00bb500px\u00a0\u00bb width_last_edited=\u00a0\u00bboff|phone\u00a0\u00bb module_alignment=\u00a0\u00bbcenter\u00a0\u00bb height_tablet=\u00a0\u00bb250px\u00a0\u00bb height_phone=\u00a0\u00bb\u00a0\u00bb height_last_edited=\u00a0\u00bbon|phone\u00a0\u00bb custom_margin=\u00a0\u00bb||||false|false\u00a0\u00bb custom_padding=\u00a0\u00bb1vw||1vw||true|true\u00a0\u00bb global_colors_info=\u00a0\u00bb{}\u00a0\u00bb][\/et_pb_image][et_pb_text _builder_version=\u00a0\u00bb4.23.1&Prime; _module_preset=\u00a0\u00bbdefault\u00a0\u00bb text_font=\u00a0\u00bb||||||||\u00a0\u00bb text_font_size=\u00a0\u00bb26px\u00a0\u00bb header_font=\u00a0\u00bb|700|||||||\u00a0\u00bb header_font_size=\u00a0\u00bb37px\u00a0\u00bb header_3_font=\u00a0\u00bb|700|||||||\u00a0\u00bb header_3_font_size=\u00a0\u00bb28px\u00a0\u00bb min_height=\u00a0\u00bb32px\u00a0\u00bb custom_margin=\u00a0\u00bb23px||3px|||\u00a0\u00bb custom_padding=\u00a0\u00bb0px|22px|3px|22px|false|true\u00a0\u00bb header_3_font_size_tablet=\u00a0\u00bb28px\u00a0\u00bb header_3_font_size_phone=\u00a0\u00bb20px\u00a0\u00bb header_3_font_size_last_edited=\u00a0\u00bbon|phone\u00a0\u00bb global_colors_info=\u00a0\u00bb{}\u00a0\u00bb]<\/p>\n<h3>Syst\u00e8mes de d\u00e9bit et de contr\u00f4le\u00a0<\/h3>\n<p>[\/et_pb_text][et_pb_text _builder_version=\u00a0\u00bb4.23.1&Prime; _module_preset=\u00a0\u00bbdefault\u00a0\u00bb text_font=\u00a0\u00bb||||||||\u00a0\u00bb text_text_color=\u00a0\u00bb#404040&Prime; text_font_size=\u00a0\u00bb18px\u00a0\u00bb text_line_height=\u00a0\u00bb1.5em\u00a0\u00bb min_height=\u00a0\u00bb135px\u00a0\u00bb custom_margin=\u00a0\u00bb-6px||1px|||\u00a0\u00bb custom_padding=\u00a0\u00bb6px|22px|25px|22px|false|true\u00a0\u00bb text_font_size_tablet=\u00a0\u00bb18px\u00a0\u00bb text_font_size_phone=\u00a0\u00bb16px\u00a0\u00bb text_font_size_last_edited=\u00a0\u00bbon|phone\u00a0\u00bb global_colors_info=\u00a0\u00bb{}\u00a0\u00bb]<\/p>\n<p>Le syst\u00e8me de contr\u00f4le d&rsquo;Addimat permet le contr\u00f4le de plus de 250 bouteilles y compris la quantit\u00e9 de boisson sur mesure par bouteille. Peut \u00eatre install\u00e9 \u00e0 chaque station de d\u00e9bit<\/p>\n<p>[\/et_pb_text][et_pb_button button_text=\u00a0\u00bbLire plus\u00a0\u00bb button_alignment=\u00a0\u00bbleft\u00a0\u00bb _builder_version=\u00a0\u00bb4.23.1&Prime; _module_preset=\u00a0\u00bbdefault\u00a0\u00bb custom_button=\u00a0\u00bbon\u00a0\u00bb button_text_color=\u00a0\u00bb#ffffff\u00a0\u00bb button_bg_color=\u00a0\u00bb#009ee2&Prime; button_border_color=\u00a0\u00bb#009ee2&Prime; button_border_radius=\u00a0\u00bb30px\u00a0\u00bb background_layout=\u00a0\u00bbdark\u00a0\u00bb custom_margin=\u00a0\u00bb|22px|22px|22px|false|true\u00a0\u00bb custom_padding=\u00a0\u00bb8px|50px|8px|50px|true|true\u00a0\u00bb global_colors_info=\u00a0\u00bb{}\u00a0\u00bb][\/et_pb_button][\/et_pb_column][et_pb_column type=\u00a0\u00bb1_3&Prime; _builder_version=\u00a0\u00bb4.23.1&Prime; _module_preset=\u00a0\u00bbdefault\u00a0\u00bb background_color=\u00a0\u00bb#FFFFFF\u00a0\u00bb custom_padding=\u00a0\u00bb||||false|false\u00a0\u00bb border_radii=\u00a0\u00bbon|26px|26px|26px|26px\u00a0\u00bb box_shadow_style=\u00a0\u00bbpreset1&Prime; global_colors_info=\u00a0\u00bb{}\u00a0\u00bb][et_pb_image src=\u00a0\u00bbhttps:\/\/addimat.kmugold6.ch\/wp-content\/uploads\/07.png\u00a0\u00bb title_text=\u00a0\u00bb07&Prime; align=\u00a0\u00bbcenter\u00a0\u00bb _builder_version=\u00a0\u00bb4.23.1&Prime; _module_preset=\u00a0\u00bbdefault\u00a0\u00bb background_enable_image=\u00a0\u00bboff\u00a0\u00bb background_size=\u00a0\u00bbinitial\u00a0\u00bb width_tablet=\u00a0\u00bb500px\u00a0\u00bb width_last_edited=\u00a0\u00bboff|phone\u00a0\u00bb module_alignment=\u00a0\u00bbcenter\u00a0\u00bb height_tablet=\u00a0\u00bb250px\u00a0\u00bb height_phone=\u00a0\u00bb\u00a0\u00bb height_last_edited=\u00a0\u00bbon|phone\u00a0\u00bb custom_margin=\u00a0\u00bb||||false|false\u00a0\u00bb custom_padding=\u00a0\u00bb1vw||1vw||true|true\u00a0\u00bb global_colors_info=\u00a0\u00bb{}\u00a0\u00bb][\/et_pb_image][et_pb_text _builder_version=\u00a0\u00bb4.23.1&Prime; _module_preset=\u00a0\u00bbdefault\u00a0\u00bb text_font=\u00a0\u00bb||||||||\u00a0\u00bb text_font_size=\u00a0\u00bb26px\u00a0\u00bb header_font=\u00a0\u00bb|700|||||||\u00a0\u00bb header_font_size=\u00a0\u00bb37px\u00a0\u00bb header_3_font=\u00a0\u00bb|700|||||||\u00a0\u00bb header_3_font_size=\u00a0\u00bb28px\u00a0\u00bb min_height=\u00a0\u00bb32px\u00a0\u00bb custom_margin=\u00a0\u00bb23px||3px|||\u00a0\u00bb custom_padding=\u00a0\u00bb0px|22px|3px|22px|false|true\u00a0\u00bb header_3_font_size_tablet=\u00a0\u00bb28px\u00a0\u00bb header_3_font_size_phone=\u00a0\u00bb20px\u00a0\u00bb header_3_font_size_last_edited=\u00a0\u00bbon|phone\u00a0\u00bb global_colors_info=\u00a0\u00bb{}\u00a0\u00bb]<\/p>\n<h3>Stylos-d\u00e9codeurs et serrures \u00e0 stylo\u00a0<\/h3>\n<p>[\/et_pb_text][et_pb_text _builder_version=\u00a0\u00bb4.23.1&Prime; _module_preset=\u00a0\u00bbdefault\u00a0\u00bb text_font=\u00a0\u00bb||||||||\u00a0\u00bb text_text_color=\u00a0\u00bb#404040&Prime; text_font_size=\u00a0\u00bb18px\u00a0\u00bb text_line_height=\u00a0\u00bb1.5em\u00a0\u00bb min_height=\u00a0\u00bb135px\u00a0\u00bb custom_margin=\u00a0\u00bb-6px||1px|||\u00a0\u00bb custom_padding=\u00a0\u00bb6px|22px|25px|22px|false|true\u00a0\u00bb text_font_size_tablet=\u00a0\u00bb18px\u00a0\u00bb text_font_size_phone=\u00a0\u00bb16px\u00a0\u00bb text_font_size_last_edited=\u00a0\u00bbon|phone\u00a0\u00bb global_colors_info=\u00a0\u00bb{}\u00a0\u00bb]<\/p>\n<p>Stylos-d\u00e9codeurs, serrures \u00e0 stylo ou stylos-serveurs et serrures pour serveurs servent \u00e0 l&rsquo;identification de l&rsquo;utilisateur. Ainsi on peut &#8211; selon le syst\u00e8me &#8211; attribuer les droits correspondants aux diff\u00e9rents utilisateurs.\u00a0<\/p>\n<p>[\/et_pb_text][et_pb_button button_text=\u00a0\u00bbLire plus\u00a0\u00bb button_alignment=\u00a0\u00bbleft\u00a0\u00bb _builder_version=\u00a0\u00bb4.21.0&Prime; _module_preset=\u00a0\u00bbdefault\u00a0\u00bb custom_button=\u00a0\u00bbon\u00a0\u00bb button_text_color=\u00a0\u00bb#ffffff\u00a0\u00bb button_bg_color=\u00a0\u00bb#009ee2&Prime; button_border_color=\u00a0\u00bb#009ee2&Prime; button_border_radius=\u00a0\u00bb30px\u00a0\u00bb background_layout=\u00a0\u00bbdark\u00a0\u00bb custom_margin=\u00a0\u00bb|22px|22px|22px|false|true\u00a0\u00bb custom_padding=\u00a0\u00bb8px|50px|8px|50px|true|true\u00a0\u00bb global_colors_info=\u00a0\u00bb{}\u00a0\u00bb][\/et_pb_button][\/et_pb_column][\/et_pb_row][\/et_pb_section][et_pb_section fb_built=\u00a0\u00bb1&Prime; module_id=\u00a0\u00bbslider-4&Prime; _builder_version=\u00a0\u00bb4.23.1&Prime; _module_preset=\u00a0\u00bbdefault\u00a0\u00bb background_color=\u00a0\u00bb#39393A\u00a0\u00bb custom_padding=\u00a0\u00bb||5px|||\u00a0\u00bb global_colors_info=\u00a0\u00bb{}\u00a0\u00bb][et_pb_row column_structure=\u00a0\u00bb1_2,1_2&Prime; _builder_version=\u00a0\u00bb4.21.0&Prime; _module_preset=\u00a0\u00bbdefault\u00a0\u00bb width=\u00a0\u00bb90%\u00a0\u00bb max_width=\u00a0\u00bb1440px\u00a0\u00bb custom_padding=\u00a0\u00bb8px|||||\u00a0\u00bb global_colors_info=\u00a0\u00bb{}\u00a0\u00bb][et_pb_column type=\u00a0\u00bb1_2&Prime; _builder_version=\u00a0\u00bb4.21.0&Prime; _module_preset=\u00a0\u00bbdefault\u00a0\u00bb global_colors_info=\u00a0\u00bb{}\u00a0\u00bb][et_pb_text _builder_version=\u00a0\u00bb4.23.1&Prime; _module_preset=\u00a0\u00bbdefault\u00a0\u00bb text_font=\u00a0\u00bb|800|||||||\u00a0\u00bb text_font_size=\u00a0\u00bb56px\u00a0\u00bb header_font=\u00a0\u00bb|800|||||||\u00a0\u00bb header_2_font=\u00a0\u00bb|900|||||||\u00a0\u00bb header_2_text_color=\u00a0\u00bb#ffffff\u00a0\u00bb header_2_font_size=\u00a0\u00bb56px\u00a0\u00bb custom_margin=\u00a0\u00bb||0px|||\u00a0\u00bb header_2_font_size_tablet=\u00a0\u00bb34px\u00a0\u00bb header_2_font_size_phone=\u00a0\u00bb24px\u00a0\u00bb header_2_font_size_last_edited=\u00a0\u00bbon|phone\u00a0\u00bb global_colors_info=\u00a0\u00bb{}\u00a0\u00bb]<\/p>\n<h2>Bien\u00a0<span style=\"color: #009de1;\">conseill\u00e9<\/span><\/h2>\n<p>[\/et_pb_text][et_pb_text _builder_version=\u00a0\u00bb4.23.1&Prime; _module_preset=\u00a0\u00bbdefault\u00a0\u00bb text_font=\u00a0\u00bb||||||||\u00a0\u00bb text_text_color=\u00a0\u00bb#009EE2&Prime; text_font_size=\u00a0\u00bb18px\u00a0\u00bb text_line_height=\u00a0\u00bb1.5em\u00a0\u00bb custom_margin=\u00a0\u00bb||18px|||\u00a0\u00bb text_font_size_tablet=\u00a0\u00bb18px\u00a0\u00bb text_font_size_phone=\u00a0\u00bb16px\u00a0\u00bb text_font_size_last_edited=\u00a0\u00bbon|phone\u00a0\u00bb global_colors_info=\u00a0\u00bb{}\u00a0\u00bb]<\/p>\n<p>lors des sujets suivant:<\/p>\n<p>[\/et_pb_text][et_pb_text _builder_version=\u00a0\u00bb4.23.1&Prime; _module_preset=\u00a0\u00bbdefault\u00a0\u00bb text_font=\u00a0\u00bb||||||||\u00a0\u00bb text_text_color=\u00a0\u00bb#ffffff\u00a0\u00bb text_font_size=\u00a0\u00bb18px\u00a0\u00bb text_line_height=\u00a0\u00bb1.5em\u00a0\u00bb text_font_size_tablet=\u00a0\u00bb18px\u00a0\u00bb text_font_size_phone=\u00a0\u00bb16px\u00a0\u00bb text_font_size_last_edited=\u00a0\u00bbon|phone\u00a0\u00bb global_colors_info=\u00a0\u00bb{}\u00a0\u00bb]<\/p>\n<ul class=\"is-style-infosec-list\">\n<li>R\u00e9novation &amp; Ouverture<\/li>\n<li>Optimisation des processus de d\u00e9bit<\/li>\n<li>Syst\u00e8mes hautement individuels\u00a0<\/li>\n<li>Economisez manifestement des co\u00fbts et du temps<\/li>\n<li>De la conception \u00e0 la coordination \u00e0 la mise en service<\/li>\n<li>Qualit\u00e9 suisse et fiabilit\u00e9<\/li>\n<\/ul>\n<p>[\/et_pb_text][\/et_pb_column][et_pb_column type=\u00a0\u00bb1_2&Prime; _builder_version=\u00a0\u00bb4.21.0&Prime; _module_preset=\u00a0\u00bbdefault\u00a0\u00bb global_colors_info=\u00a0\u00bb{}\u00a0\u00bb][et_pb_text _builder_version=\u00a0\u00bb4.23.1&Prime; _module_preset=\u00a0\u00bbdefault\u00a0\u00bb text_font=\u00a0\u00bb|800|||||||\u00a0\u00bb text_font_size=\u00a0\u00bb56px\u00a0\u00bb header_font=\u00a0\u00bb|800|||||||\u00a0\u00bb header_2_font=\u00a0\u00bb|900|||||||\u00a0\u00bb header_2_text_color=\u00a0\u00bb#ffffff\u00a0\u00bb header_2_font_size=\u00a0\u00bb56px\u00a0\u00bb header_3_text_color=\u00a0\u00bb#ffffff\u00a0\u00bb header_2_font_size_tablet=\u00a0\u00bb34px\u00a0\u00bb header_2_font_size_phone=\u00a0\u00bb24px\u00a0\u00bb header_2_font_size_last_edited=\u00a0\u00bbon|phone\u00a0\u00bb global_colors_info=\u00a0\u00bb{}\u00a0\u00bb]<\/p>\n<h3><span style=\"color: #009de1;\">Avantages\u00a0<\/span>par nos <span style=\"color: #009de1;\"><span style=\"caret-color: #009de1;\">installations et syst\u00e8mes<\/span><\/span><\/h3>\n<p>[\/et_pb_text][et_pb_text _builder_version=\u00a0\u00bb4.23.1&Prime; _module_preset=\u00a0\u00bbdefault\u00a0\u00bb text_font=\u00a0\u00bb||||||||\u00a0\u00bb text_text_color=\u00a0\u00bb#ffffff\u00a0\u00bb text_font_size=\u00a0\u00bb18px\u00a0\u00bb text_line_height=\u00a0\u00bb1.5em\u00a0\u00bb text_font_size_tablet=\u00a0\u00bb18px\u00a0\u00bb text_font_size_phone=\u00a0\u00bb16px\u00a0\u00bb text_font_size_last_edited=\u00a0\u00bbon|phone\u00a0\u00bb global_colors_info=\u00a0\u00bb{}\u00a0\u00bb]<\/p>\n<ul>\n<li>R\u00e9duit la perte de d\u00e9bit<\/li>\n<li>Augmente l&rsquo;hygi\u00e8ne<\/li>\n<li>Am\u00e9liore la qualit\u00e9 des boissons<\/li>\n<li>Simplifie le stockage et le transport des boissons<\/li>\n<li>Acc\u00e9l\u00e8re le service<\/li>\n<li>Baisse les co\u00fbts d&rsquo;exploitation<\/li>\n<li>\u00c0 effet durable &amp; \u00e9cologique<\/li>\n<\/ul>\n<p>[\/et_pb_text][\/et_pb_column][\/et_pb_row][\/et_pb_section]<\/p>\n","protected":false},"excerpt":{"rendered":"<p>\u00a0 Syst\u00e8mes de d\u00e9bit, contr\u00f4le du d\u00e9bit des boissons et\u00a0technique de boisson\u00a0d&rsquo;Addimat \u00a0Depuis plus de 49 ans &#8211; production, installation, soutien &amp; planificationVos experts pour les syst\u00e8mes de d\u00e9bit des boissons dans la gastronomie. Qu&rsquo;il s&rsquo;agit de restaurants, bars ou h\u00f4tels, nous avons la solution id\u00e9ale \u00e0 tous vos besoins. Votre partenaire au buffet.\u00a0Technique de boisson et projetsGr\u00e2ce au site de production \u00e0 Worb, les d\u00e9sirs des clients peuvent \u00eatre r\u00e9alis\u00e9s sur mesure et leurs besoins dans la technique de boisson satisfaits de mani\u00e8re rapide et professionnelleSyst\u00e8mes de d\u00e9bit et de contr\u00f4le\u00a0Le syst\u00e8me de contr\u00f4le d&rsquo;Addimat permet le contr\u00f4le de plus de 250 bouteilles y compris la quantit\u00e9 de boisson sur mesure par bouteille. Peut \u00eatre install\u00e9 \u00e0 chaque station de d\u00e9bitStylos-d\u00e9codeurs et serrures \u00e0 stylo\u00a0Stylos-d\u00e9codeurs, serrures \u00e0 stylo ou stylos-serveurs et serrures pour serveurs servent \u00e0 l&rsquo;identification de l&rsquo;utilisateur. Ainsi on peut &#8211; selon le syst\u00e8me &#8211; attribuer les droits correspondants aux diff\u00e9rents utilisateurs.\u00a0Bien\u00a0conseill\u00e9lors des sujets suivant: R\u00e9novation &amp; Ouverture Optimisation des processus de d\u00e9bit Syst\u00e8mes hautement individuels\u00a0 Economisez manifestement des co\u00fbts et du temps De la conception \u00e0 la coordination \u00e0 la mise en service Qualit\u00e9 suisse et fiabilit\u00e9 Avantages\u00a0par nos installations et syst\u00e8mes R\u00e9duit la perte de [&hellip;]<\/p>\n","protected":false},"author":2,"featured_media":0,"parent":0,"menu_order":0,"comment_status":"closed","ping_status":"closed","template":"","meta":{"_et_pb_use_builder":"on","_et_pb_old_content":"","_et_gb_content_width":"","footnotes":""},"class_list":["post-72283","page","type-page","status-publish","hentry"],"_links":{"self":[{"href":"https:\/\/addimat.ch\/fr\/wp-json\/wp\/v2\/pages\/72283","targetHints":{"allow":["GET"]}}],"collection":[{"href":"https:\/\/addimat.ch\/fr\/wp-json\/wp\/v2\/pages"}],"about":[{"href":"https:\/\/addimat.ch\/fr\/wp-json\/wp\/v2\/types\/page"}],"author":[{"embeddable":true,"href":"https:\/\/addimat.ch\/fr\/wp-json\/wp\/v2\/users\/2"}],"replies":[{"embeddable":true,"href":"https:\/\/addimat.ch\/fr\/wp-json\/wp\/v2\/comments?post=72283"}],"version-history":[{"count":20,"href":"https:\/\/addimat.ch\/fr\/wp-json\/wp\/v2\/pages\/72283\/revisions"}],"predecessor-version":[{"id":72363,"href":"https:\/\/addimat.ch\/fr\/wp-json\/wp\/v2\/pages\/72283\/revisions\/72363"}],"wp:attachment":[{"href":"https:\/\/addimat.ch\/fr\/wp-json\/wp\/v2\/media?parent=72283"}],"curies":[{"name":"wp","href":"https:\/\/api.w.org\/{rel}","templated":true}]}}