{"id":72424,"date":"2024-04-22T09:06:48","date_gmt":"2024-04-22T07:06:48","guid":{"rendered":"https:\/\/addimat.kmugold6.ch\/infos-stylos-decodeurs\/"},"modified":"2024-09-30T07:41:47","modified_gmt":"2024-09-30T05:41:47","slug":"infos-stylos-decodeurs","status":"publish","type":"page","link":"https:\/\/addimat.ch\/fr\/infos-stylos-decodeurs\/","title":{"rendered":"Infos Stylos-d\u00e9codeurs"},"content":{"rendered":"<p>[et_pb_section fb_built=\u00a0\u00bb1&Prime; fullwidth=\u00a0\u00bbon\u00a0\u00bb _builder_version=\u00a0\u00bb4.21.0&Prime; _module_preset=\u00a0\u00bbdefault\u00a0\u00bb global_colors_info=\u00a0\u00bb{}\u00a0\u00bb][et_pb_fullwidth_image title_text=\u00a0\u00bbaddimat-bg-1&Prime; _builder_version=\u00a0\u00bb4.23.1&Prime; _module_preset=\u00a0\u00bbdefault\u00a0\u00bb background_image=\u00a0\u00bbhttps:\/\/addimat.kmugold6.ch\/wp-content\/uploads\/addimat-bg-1.jpg\u00a0\u00bb background_position=\u00a0\u00bbtop_center\u00a0\u00bb background_enable_video_mp4=\u00a0\u00bboff\u00a0\u00bb background_enable_video_webm=\u00a0\u00bboff\u00a0\u00bb min_height=\u00a0\u00bb512px\u00a0\u00bb custom_padding=\u00a0\u00bb||0px|||\u00a0\u00bb background_last_edited=\u00a0\u00bboff|phone\u00a0\u00bb background_enable_video_mp4_phone=\u00a0\u00bboff\u00a0\u00bb global_colors_info=\u00a0\u00bb{}\u00a0\u00bb][\/et_pb_fullwidth_image][\/et_pb_section][et_pb_section fb_built=\u00a0\u00bb1&Prime; custom_padding_last_edited=\u00a0\u00bbon|phone\u00a0\u00bb _builder_version=\u00a0\u00bb4.23.1&Prime; _module_preset=\u00a0\u00bbdefault\u00a0\u00bb background_color=\u00a0\u00bb#000000&Prime; background_enable_image=\u00a0\u00bboff\u00a0\u00bb background_position=\u00a0\u00bbbottom_right\u00a0\u00bb background_enable_video_mp4=\u00a0\u00bboff\u00a0\u00bb background_enable_video_webm=\u00a0\u00bboff\u00a0\u00bb custom_padding=\u00a0\u00bb236px||||false|false\u00a0\u00bb custom_padding_tablet=\u00a0\u00bb150px||||false|false\u00a0\u00bb custom_padding_phone=\u00a0\u00bb100px||100px||true|false\u00a0\u00bb global_colors_info=\u00a0\u00bb{}\u00a0\u00bb][et_pb_row custom_padding_last_edited=\u00a0\u00bbon|phone\u00a0\u00bb admin_label=\u00a0\u00bbRow\u00a0\u00bb _builder_version=\u00a0\u00bb4.24.2&Prime; _module_preset=\u00a0\u00bbdefault\u00a0\u00bb background_color=\u00a0\u00bbrgba(0,158,226,0.76)\u00a0\u00bb width=\u00a0\u00bb90%\u00a0\u00bb max_width=\u00a0\u00bb1440px\u00a0\u00bb min_height=\u00a0\u00bb280px\u00a0\u00bb custom_margin=\u00a0\u00bb-451px|auto||auto|false|false\u00a0\u00bb custom_margin_tablet=\u00a0\u00bb-300px||||false|false\u00a0\u00bb custom_margin_phone=\u00a0\u00bb-450px|auto||auto|false|false\u00a0\u00bb custom_margin_last_edited=\u00a0\u00bbon|phone\u00a0\u00bb custom_padding=\u00a0\u00bb60px|60px|60px|60px|true|true\u00a0\u00bb custom_padding_tablet=\u00a0\u00bb36px|36px|36px|36px|true|true\u00a0\u00bb custom_padding_phone=\u00a0\u00bb30px|30px|30px|30px|true|true\u00a0\u00bb border_radii=\u00a0\u00bbon|30px|30px|30px|30px\u00a0\u00bb box_shadow_style=\u00a0\u00bbpreset1&Prime; global_colors_info=\u00a0\u00bb{}\u00a0\u00bb][et_pb_column type=\u00a0\u00bb4_4&Prime; _builder_version=\u00a0\u00bb4.21.0&Prime; _module_preset=\u00a0\u00bbdefault\u00a0\u00bb global_colors_info=\u00a0\u00bb{}\u00a0\u00bb][et_pb_text _builder_version=\u00a0\u00bb4.24.1&Prime; _module_preset=\u00a0\u00bbdefault\u00a0\u00bb text_font=\u00a0\u00bb|800|||||||\u00a0\u00bb text_font_size=\u00a0\u00bb56px\u00a0\u00bb header_font=\u00a0\u00bb|800|||||||\u00a0\u00bb header_2_font=\u00a0\u00bb|900|||||||\u00a0\u00bb header_2_text_color=\u00a0\u00bb#ffffff\u00a0\u00bb header_2_font_size=\u00a0\u00bb56px\u00a0\u00bb custom_margin=\u00a0\u00bb||6px|||\u00a0\u00bb header_2_font_size_tablet=\u00a0\u00bb34px\u00a0\u00bb header_2_font_size_phone=\u00a0\u00bb24px\u00a0\u00bb header_2_font_size_last_edited=\u00a0\u00bbon|phone\u00a0\u00bb global_colors_info=\u00a0\u00bb{}\u00a0\u00bb]<\/p>\n<h2>Infos<span style=\"color: #000000;\"> Stylos-d\u00e9codeurs<\/span><\/h2>\n<p>[\/et_pb_text][et_pb_text _builder_version=\u00a0\u00bb4.24.2&Prime; _module_preset=\u00a0\u00bbdefault\u00a0\u00bb text_font=\u00a0\u00bb||||||||\u00a0\u00bb text_text_color=\u00a0\u00bb#ffffff\u00a0\u00bb text_font_size=\u00a0\u00bb18px\u00a0\u00bb text_line_height=\u00a0\u00bb1.5em\u00a0\u00bb text_font_size_tablet=\u00a0\u00bb18px\u00a0\u00bb text_font_size_phone=\u00a0\u00bb16px\u00a0\u00bb text_font_size_last_edited=\u00a0\u00bbon|phone\u00a0\u00bb global_colors_info=\u00a0\u00bb{}\u00a0\u00bb]<\/p>\n<ul>\n<li>Tr\u00e8s petits, l\u00e9gers et maniables \u2026 et malgr\u00e9 tout tr\u00e8s robustes<\/li>\n<li>Contact magn\u00e9tique simple, rapide et s\u00fbr<\/li>\n<li>S\u00e9curit\u00e9 maximale gr\u00e2ce au code du stylo-d\u00e9codeur qui ne peut pas \u00eatre manipul\u00e9<\/li>\n<li>Nombre illimit\u00e9 de stylos-d\u00e9codeurs disponibles en dix couleurs<\/li>\n<li>Swiss-Made<\/li>\n<li>Pour l\u2019int\u00e9gration dans votre syst\u00e8me, nous vous mettons volontiers des \u00e9chantillons \u00e0 disposition. N\u2019h\u00e9sitez pas \u00e0 nous contacter.<\/li>\n<\/ul>\n<p>[\/et_pb_text][\/et_pb_column][\/et_pb_row][et_pb_row column_structure=\u00a0\u00bb1_2,1_2&Prime; make_equal=\u00a0\u00bbon\u00a0\u00bb _builder_version=\u00a0\u00bb4.24.1&Prime; _module_preset=\u00a0\u00bbdefault\u00a0\u00bb background_enable_video_mp4=\u00a0\u00bboff\u00a0\u00bb width=\u00a0\u00bb90%\u00a0\u00bb max_width=\u00a0\u00bb1430px\u00a0\u00bb custom_padding=\u00a0\u00bb||||false|false\u00a0\u00bb custom_css_free_form=\u00a0\u00bbdisplay: flex;\u00a0\u00bb border_color_all=\u00a0\u00bb#000000&Prime; border_style_all=\u00a0\u00bbnone\u00a0\u00bb global_colors_info=\u00a0\u00bb{}\u00a0\u00bb][et_pb_column type=\u00a0\u00bb1_2&Prime; _builder_version=\u00a0\u00bb4.23.1&Prime; _module_preset=\u00a0\u00bbdefault\u00a0\u00bb background_color=\u00a0\u00bb#FFFFFF\u00a0\u00bb custom_padding=\u00a0\u00bb||||false|false\u00a0\u00bb border_radii=\u00a0\u00bbon|26px|26px|26px|26px\u00a0\u00bb box_shadow_style=\u00a0\u00bbpreset1&Prime; global_colors_info=\u00a0\u00bb{}\u00a0\u00bb][et_pb_text _builder_version=\u00a0\u00bb4.23.1&Prime; _module_preset=\u00a0\u00bbdefault\u00a0\u00bb text_font=\u00a0\u00bb||||||||\u00a0\u00bb text_font_size=\u00a0\u00bb26px\u00a0\u00bb header_font=\u00a0\u00bb|700|||||||\u00a0\u00bb header_font_size=\u00a0\u00bb37px\u00a0\u00bb header_3_font=\u00a0\u00bb|700|||||||\u00a0\u00bb header_3_font_size=\u00a0\u00bb28px\u00a0\u00bb min_height=\u00a0\u00bb32px\u00a0\u00bb custom_margin=\u00a0\u00bb23px||3px|||\u00a0\u00bb custom_padding=\u00a0\u00bb0px|22px|3px|22px|false|true\u00a0\u00bb header_3_font_size_tablet=\u00a0\u00bb28px\u00a0\u00bb header_3_font_size_phone=\u00a0\u00bb20px\u00a0\u00bb header_3_font_size_last_edited=\u00a0\u00bbon|phone\u00a0\u00bb global_colors_info=\u00a0\u00bb{}\u00a0\u00bb]<\/p>\n<h3>Stylos-d\u00e9codeurs num\u00e9ro unique<\/h3>\n<p>[\/et_pb_text][et_pb_image src=\u00a0\u00bbhttps:\/\/addimat.kmugold6.ch\/wp-content\/uploads\/stiftefarbig2nummern.200&#215;150.jpg\u00a0\u00bb title_text=\u00a0\u00bbstiftefarbig2nummern.200&#215;150&Prime; align=\u00a0\u00bbcenter\u00a0\u00bb _builder_version=\u00a0\u00bb4.24.2&Prime; _module_preset=\u00a0\u00bbdefault\u00a0\u00bb global_colors_info=\u00a0\u00bb{}\u00a0\u00bb][\/et_pb_image][et_pb_text _builder_version=\u00a0\u00bb4.23.1&Prime; _module_preset=\u00a0\u00bbdefault\u00a0\u00bb text_font=\u00a0\u00bb||||||||\u00a0\u00bb text_text_color=\u00a0\u00bb#404040&Prime; text_font_size=\u00a0\u00bb18px\u00a0\u00bb text_line_height=\u00a0\u00bb1.5em\u00a0\u00bb min_height=\u00a0\u00bb135px\u00a0\u00bb custom_margin=\u00a0\u00bb-6px||1px|||\u00a0\u00bb custom_padding=\u00a0\u00bb6px|22px|25px|22px|false|true\u00a0\u00bb text_font_size_tablet=\u00a0\u00bb18px\u00a0\u00bb text_font_size_phone=\u00a0\u00bb16px\u00a0\u00bb text_font_size_last_edited=\u00a0\u00bbon|phone\u00a0\u00bb global_colors_info=\u00a0\u00bb{}\u00a0\u00bb]<\/p>\n<ul>\n<ul>\n<li>Art. 60.010 stylo-d\u00e9codeur blanc<\/li>\n<li>Art. 60.020 stylo-d\u00e9codeur brun<\/li>\n<li>Art. 60.030 stylo-d\u00e9codeur vert<\/li>\n<li>Art. 60.040 stylo-d\u00e9codeur jaune<\/li>\n<li>Art. 60.050 stylo-d\u00e9codeur gris<\/li>\n<li>Art. 60.060 stylo-d\u00e9codeur orange<\/li>\n<li>Art. 60.070 stylo-d\u00e9codeur bleu<\/li>\n<li>Art. 60.080 stylo-d\u00e9codeur rouge<\/li>\n<li>Art. 60.090 stylo-d\u00e9codeur violet<\/li>\n<li>Art. 60.120 stylo-d\u00e9codeur or<\/li>\n<li>Art. 01.420 stylo-d\u00e9codeur noir<\/li>\n<li>Art. 61.010 Set \u00e0 10 stylos-d\u00e9codeurs de couleur (sans la couleur or)<\/li>\n<li>Art. 01.425 stylo-d\u00e9codeur noir avec num\u00e9ro de r\u00e9f\u00e9rence<\/li>\n<\/ul>\n<\/ul>\n<p>[\/et_pb_text][\/et_pb_column][et_pb_column type=\u00a0\u00bb1_2&Prime; _builder_version=\u00a0\u00bb4.23.1&Prime; _module_preset=\u00a0\u00bbdefault\u00a0\u00bb background_color=\u00a0\u00bb#FFFFFF\u00a0\u00bb custom_padding=\u00a0\u00bb||||false|false\u00a0\u00bb border_radii=\u00a0\u00bbon|26px|26px|26px|26px\u00a0\u00bb box_shadow_style=\u00a0\u00bbpreset1&Prime; global_colors_info=\u00a0\u00bb{}\u00a0\u00bb][et_pb_text _builder_version=\u00a0\u00bb4.23.1&Prime; _module_preset=\u00a0\u00bbdefault\u00a0\u00bb text_font=\u00a0\u00bb||||||||\u00a0\u00bb text_font_size=\u00a0\u00bb26px\u00a0\u00bb header_font=\u00a0\u00bb|700|||||||\u00a0\u00bb header_font_size=\u00a0\u00bb37px\u00a0\u00bb header_3_font=\u00a0\u00bb|700|||||||\u00a0\u00bb header_3_font_size=\u00a0\u00bb28px\u00a0\u00bb min_height=\u00a0\u00bb32px\u00a0\u00bb custom_margin=\u00a0\u00bb23px||3px|||\u00a0\u00bb custom_padding=\u00a0\u00bb0px|22px|3px|22px|false|true\u00a0\u00bb header_3_font_size_tablet=\u00a0\u00bb28px\u00a0\u00bb header_3_font_size_phone=\u00a0\u00bb20px\u00a0\u00bb header_3_font_size_last_edited=\u00a0\u00bbon|phone\u00a0\u00bb global_colors_info=\u00a0\u00bb{}\u00a0\u00bb]<\/p>\n<h3>Stylos-d\u00e9codeurs RFID \u00e0 num\u00e9ro unique<br \/>\n<\/h3>\n<p>[\/et_pb_text][et_pb_image src=\u00a0\u00bbhttps:\/\/addimat.kmugold6.ch\/wp-content\/uploads\/stiftefarbig2nummern.200&#215;150.jpg\u00a0\u00bb title_text=\u00a0\u00bbstiftefarbig2nummern.200&#215;150&Prime; align=\u00a0\u00bbcenter\u00a0\u00bb _builder_version=\u00a0\u00bb4.24.2&Prime; _module_preset=\u00a0\u00bbdefault\u00a0\u00bb global_colors_info=\u00a0\u00bb{}\u00a0\u00bb][\/et_pb_image][et_pb_text _builder_version=\u00a0\u00bb4.23.1&Prime; _module_preset=\u00a0\u00bbdefault\u00a0\u00bb text_font=\u00a0\u00bb||||||||\u00a0\u00bb text_text_color=\u00a0\u00bb#404040&Prime; text_font_size=\u00a0\u00bb18px\u00a0\u00bb text_line_height=\u00a0\u00bb1.5em\u00a0\u00bb min_height=\u00a0\u00bb135px\u00a0\u00bb custom_margin=\u00a0\u00bb-6px||1px|||\u00a0\u00bb custom_padding=\u00a0\u00bb6px|22px|25px|22px|false|true\u00a0\u00bb text_font_size_tablet=\u00a0\u00bb18px\u00a0\u00bb text_font_size_phone=\u00a0\u00bb16px\u00a0\u00bb text_font_size_last_edited=\u00a0\u00bbon|phone\u00a0\u00bb global_colors_info=\u00a0\u00bb{}\u00a0\u00bb]<\/p>\n<ul>\n<li>Art. 67.010 stylo-d\u00e9codeur blanc<\/li>\n<li>Art. 67.020 stylo-d\u00e9codeur brun<\/li>\n<li>Art. 67.030 stylo-d\u00e9codeur vert<\/li>\n<li>Art. 67.040 stylo-d\u00e9codeur jaune<\/li>\n<li>Art. 67.050 stylo-d\u00e9codeur grau<\/li>\n<li>Art. 67.060 stylo-d\u00e9codeur gris<\/li>\n<li>Art. 67.070 stylo-d\u00e9codeur orange<\/li>\n<li>Art. 67.080 stylo-d\u00e9codeur rouge<\/li>\n<li>Art. 67.090 stylo-d\u00e9codeur violet<\/li>\n<li>Art. 67.100 stylo-d\u00e9codeur noir<\/li>\n<li>Art. 67.120 stylo-d\u00e9codeur or<\/li>\n<li>Art. 67.210 Set \u00e0 10 stylos-d\u00e9codeurs de couleur (sans la couleur or)<\/li>\n<li>Art. 07.425 stylo-d\u00e9codeur noir avec num\u00e9ro de r\u00e9f\u00e9rence<\/li>\n<\/ul>\n<p>[\/et_pb_text][\/et_pb_column][\/et_pb_row][et_pb_row column_structure=\u00a0\u00bb1_2,1_2&Prime; make_equal=\u00a0\u00bbon\u00a0\u00bb _builder_version=\u00a0\u00bb4.24.2&Prime; _module_preset=\u00a0\u00bbdefault\u00a0\u00bb background_enable_video_mp4=\u00a0\u00bboff\u00a0\u00bb width=\u00a0\u00bb90%\u00a0\u00bb max_width=\u00a0\u00bb1430px\u00a0\u00bb custom_padding=\u00a0\u00bb||||false|false\u00a0\u00bb custom_css_free_form=\u00a0\u00bbdisplay: flex;\u00a0\u00bb border_color_all=\u00a0\u00bb#000000&Prime; border_style_all=\u00a0\u00bbnone\u00a0\u00bb global_colors_info=\u00a0\u00bb{}\u00a0\u00bb][et_pb_column type=\u00a0\u00bb1_2&Prime; _builder_version=\u00a0\u00bb4.23.1&Prime; _module_preset=\u00a0\u00bbdefault\u00a0\u00bb background_color=\u00a0\u00bb#FFFFFF\u00a0\u00bb custom_padding=\u00a0\u00bb||||false|false\u00a0\u00bb border_radii=\u00a0\u00bbon|26px|26px|26px|26px\u00a0\u00bb box_shadow_style=\u00a0\u00bbpreset1&Prime; global_colors_info=\u00a0\u00bb{}\u00a0\u00bb][et_pb_text _builder_version=\u00a0\u00bb4.23.1&Prime; _module_preset=\u00a0\u00bbdefault\u00a0\u00bb text_font=\u00a0\u00bb||||||||\u00a0\u00bb text_font_size=\u00a0\u00bb26px\u00a0\u00bb header_font=\u00a0\u00bb|700|||||||\u00a0\u00bb header_font_size=\u00a0\u00bb37px\u00a0\u00bb header_3_font=\u00a0\u00bb|700|||||||\u00a0\u00bb header_3_font_size=\u00a0\u00bb28px\u00a0\u00bb min_height=\u00a0\u00bb32px\u00a0\u00bb custom_margin=\u00a0\u00bb23px||3px|||\u00a0\u00bb custom_padding=\u00a0\u00bb0px|22px|3px|22px|false|true\u00a0\u00bb header_3_font_size_tablet=\u00a0\u00bb28px\u00a0\u00bb header_3_font_size_phone=\u00a0\u00bb20px\u00a0\u00bb header_3_font_size_last_edited=\u00a0\u00bbon|phone\u00a0\u00bb global_colors_info=\u00a0\u00bb{}\u00a0\u00bb]<\/p>\n<h3>Num\u00e9ros autocollants<\/h3>\n<p>[\/et_pb_text][et_pb_image src=\u00a0\u00bbhttps:\/\/addimat.kmugold6.ch\/wp-content\/uploads\/nummern.200&#215;150.png\u00a0\u00bb title_text=\u00a0\u00bbnummern.200&#215;150&Prime; align=\u00a0\u00bbcenter\u00a0\u00bb _builder_version=\u00a0\u00bb4.24.2&Prime; _module_preset=\u00a0\u00bbdefault\u00a0\u00bb global_colors_info=\u00a0\u00bb{}\u00a0\u00bb][\/et_pb_image][et_pb_text _builder_version=\u00a0\u00bb4.23.1&Prime; _module_preset=\u00a0\u00bbdefault\u00a0\u00bb text_font=\u00a0\u00bb||||||||\u00a0\u00bb text_text_color=\u00a0\u00bb#404040&Prime; text_font_size=\u00a0\u00bb18px\u00a0\u00bb text_line_height=\u00a0\u00bb1.5em\u00a0\u00bb min_height=\u00a0\u00bb135px\u00a0\u00bb custom_margin=\u00a0\u00bb-6px||1px|||\u00a0\u00bb custom_padding=\u00a0\u00bb6px|22px|25px|22px|false|true\u00a0\u00bb text_font_size_tablet=\u00a0\u00bb18px\u00a0\u00bb text_font_size_phone=\u00a0\u00bb16px\u00a0\u00bb text_font_size_last_edited=\u00a0\u00bbon|phone\u00a0\u00bb global_colors_info=\u00a0\u00bb{}\u00a0\u00bb]<\/p>\n<p>Sur feuille autocollante r\u00e9sistante \u00e0 l\u2019abrasion, num\u00e9ro blanc sur fond noir<\/p>\n<ul>\nArt. 63.001 num\u00e9ro autocollant 10 x Nr. 1<br \/>\nArt. 63.002 num\u00e9ro autocollant 10 x Nr. 2<br \/>\netc.<br \/>\nArt. 63.099 num\u00e9ro autocollant 10 x Nr. 99<\/p>\n<p>Art. 64.001 feuille de num\u00e9ros autocollants 100 x Nr. 1<br \/>\nArt. 64.002 feuille de num\u00e9ros autocollants 100 x Nr. 2<br \/>\netc.<br \/>\nArt. 64.099 feuille de num\u00e9ros autocollants 100 x Nr. 99<\/p>\n<li>Art. 65.001 num\u00e9ro autocollant 1,2,3,4,5,6,7,8,9,10<\/li>\n<li>Art. 65.011 num\u00e9ro autocollant 11,12,13,&#8230;..20<\/li>\n<li>Art. 65.021 num\u00e9ro autocollant 21,22,23,&#8230;..30<\/li>\n<li>Art. 65.031 num\u00e9ro autocollant 31,32,33,&#8230;..40<\/li>\n<li>Art. 65.041 num\u00e9ro autocollant 41,42,43,&#8230;..50<\/li>\n<li>Art. 65.051 num\u00e9ro autocollant 51,52,53,&#8230;..60<\/li>\n<li>Art. 65.061 num\u00e9ro autocollant 61,62,63,&#8230;..70<\/li>\n<li>Art. 65.071 num\u00e9ro autocollant 71,72,73,&#8230;..80<\/li>\n<li>Art. 65.081 num\u00e9ro autocollant 81,82,83,&#8230;..90<\/li>\n<li>Art. 65.091 num\u00e9ro autocollant 91,92,93,&#8230;..100<\/li>\n<li>Art. 65.101 num\u00e9ro autocollant 101,102,103,&#8230;.110<\/li>\n<li>Art. 65.111 num\u00e9ro autocollant 111,112,113,&#8230;.120<\/li>\n<li>Art. 65.121 num\u00e9ro autocollant 121,122,123,&#8230;.130<\/li>\n<li>Art. 65.131 num\u00e9ro autocollant 131,132,133,&#8230;..140<\/li>\n<\/ul>\n<p>[\/et_pb_text][\/et_pb_column][et_pb_column type=\u00a0\u00bb1_2&Prime; _builder_version=\u00a0\u00bb4.23.1&Prime; _module_preset=\u00a0\u00bbdefault\u00a0\u00bb background_color=\u00a0\u00bb#FFFFFF\u00a0\u00bb custom_padding=\u00a0\u00bb||||false|false\u00a0\u00bb border_radii=\u00a0\u00bbon|26px|26px|26px|26px\u00a0\u00bb box_shadow_style=\u00a0\u00bbpreset1&Prime; global_colors_info=\u00a0\u00bb{}\u00a0\u00bb][et_pb_text _builder_version=\u00a0\u00bb4.24.2&Prime; _module_preset=\u00a0\u00bbdefault\u00a0\u00bb text_font=\u00a0\u00bb||||||||\u00a0\u00bb text_font_size=\u00a0\u00bb26px\u00a0\u00bb header_font=\u00a0\u00bb|700|||||||\u00a0\u00bb header_font_size=\u00a0\u00bb37px\u00a0\u00bb header_3_font=\u00a0\u00bb|700|||||||\u00a0\u00bb header_3_font_size=\u00a0\u00bb28px\u00a0\u00bb min_height=\u00a0\u00bb32px\u00a0\u00bb custom_margin=\u00a0\u00bb23px||3px|||\u00a0\u00bb custom_padding=\u00a0\u00bb0px|22px|3px|22px|false|true\u00a0\u00bb header_3_font_size_tablet=\u00a0\u00bb28px\u00a0\u00bb header_3_font_size_phone=\u00a0\u00bb20px\u00a0\u00bb header_3_font_size_last_edited=\u00a0\u00bbon|phone\u00a0\u00bb global_colors_info=\u00a0\u00bb{}\u00a0\u00bb]<\/p>\n<h3>Stylos-d\u00e9codeurs renforc\u00e9s<\/h3>\n<p>[\/et_pb_text][et_pb_image src=\u00a0\u00bbhttps:\/\/addimat.kmugold6.ch\/wp-content\/uploads\/stiftevernummern-1.200&#215;150.jpg\u00a0\u00bb title_text=\u00a0\u00bbstiftevernummern-1.200&#215;150&Prime; align=\u00a0\u00bbcenter\u00a0\u00bb _builder_version=\u00a0\u00bb4.24.2&Prime; _module_preset=\u00a0\u00bbdefault\u00a0\u00bb global_colors_info=\u00a0\u00bb{}\u00a0\u00bb][\/et_pb_image][et_pb_text _builder_version=\u00a0\u00bb4.24.2&Prime; _module_preset=\u00a0\u00bbdefault\u00a0\u00bb text_font=\u00a0\u00bb||||||||\u00a0\u00bb text_text_color=\u00a0\u00bb#404040&Prime; text_font_size=\u00a0\u00bb18px\u00a0\u00bb text_line_height=\u00a0\u00bb1.5em\u00a0\u00bb min_height=\u00a0\u00bb135px\u00a0\u00bb custom_margin=\u00a0\u00bb-6px||1px|||\u00a0\u00bb custom_padding=\u00a0\u00bb6px|22px|25px|22px|false|true\u00a0\u00bb text_font_size_tablet=\u00a0\u00bb18px\u00a0\u00bb text_font_size_phone=\u00a0\u00bb16px\u00a0\u00bb text_font_size_last_edited=\u00a0\u00bbon|phone\u00a0\u00bb global_colors_info=\u00a0\u00bb{}\u00a0\u00bb]La douille de renforcement emp\u00eache que le stylo ne se rompe lors d\u2019une contrainte lat\u00e9rale.[\/et_pb_text][\/et_pb_column][\/et_pb_row][\/et_pb_section][et_pb_section fb_built=\u00a0\u00bb1&Prime; module_id=\u00a0\u00bbslider-4&Prime; _builder_version=\u00a0\u00bb4.23.1&Prime; _module_preset=\u00a0\u00bbdefault\u00a0\u00bb background_color=\u00a0\u00bb#39393A\u00a0\u00bb custom_padding=\u00a0\u00bb||5px|||\u00a0\u00bb saved_tabs=\u00a0\u00bball\u00a0\u00bb global_colors_info=\u00a0\u00bb{}\u00a0\u00bb][et_pb_row column_structure=\u00a0\u00bb1_2,1_2&Prime; _builder_version=\u00a0\u00bb4.21.0&Prime; _module_preset=\u00a0\u00bbdefault\u00a0\u00bb width=\u00a0\u00bb90%\u00a0\u00bb max_width=\u00a0\u00bb1440px\u00a0\u00bb custom_padding=\u00a0\u00bb8px|||||\u00a0\u00bb global_colors_info=\u00a0\u00bb{}\u00a0\u00bb][et_pb_column type=\u00a0\u00bb1_2&Prime; _builder_version=\u00a0\u00bb4.21.0&Prime; _module_preset=\u00a0\u00bbdefault\u00a0\u00bb global_colors_info=\u00a0\u00bb{}\u00a0\u00bb][et_pb_text _builder_version=\u00a0\u00bb4.25.2&Prime; _module_preset=\u00a0\u00bbdefault\u00a0\u00bb text_font=\u00a0\u00bb|800|||||||\u00a0\u00bb text_font_size=\u00a0\u00bb56px\u00a0\u00bb header_font=\u00a0\u00bb|800|||||||\u00a0\u00bb header_2_font=\u00a0\u00bb|900|||||||\u00a0\u00bb header_2_text_color=\u00a0\u00bb#ffffff\u00a0\u00bb header_2_font_size=\u00a0\u00bb56px\u00a0\u00bb custom_margin=\u00a0\u00bb||21px||false|false\u00a0\u00bb hover_enabled=\u00a0\u00bb0&Prime; header_2_font_size_tablet=\u00a0\u00bb34px\u00a0\u00bb header_2_font_size_phone=\u00a0\u00bb24px\u00a0\u00bb header_2_font_size_last_edited=\u00a0\u00bbon|phone\u00a0\u00bb global_colors_info=\u00a0\u00bb{}\u00a0\u00bb sticky_enabled=\u00a0\u00bb0&Prime;]<\/p>\n<h2>Bon <span style=\"colour: #009de1;\">conseil<\/span><\/h2>\n<p>[\/et_pb_text][et_pb_text _builder_version=\u00a0\u00bb4.25.2&Prime; _module_preset=\u00a0\u00bbdefault\u00a0\u00bb text_font=\u00a0\u00bb||||||||\u00a0\u00bb text_text_color=\u00a0\u00bb#ffffff\u00a0\u00bb text_font_size=\u00a0\u00bb18px\u00a0\u00bb text_line_height=\u00a0\u00bb1.5em\u00a0\u00bb hover_enabled=\u00a0\u00bb0&Prime; text_font_size_tablet=\u00a0\u00bb18px\u00a0\u00bb text_font_size_phone=\u00a0\u00bb16px\u00a0\u00bb text_font_size_last_edited=\u00a0\u00bbon|phone\u00a0\u00bb global_colors_info=\u00a0\u00bb{}\u00a0\u00bb sticky_enabled=\u00a0\u00bb0&Prime;]<\/p>\n<ul>\n<li>R\u00e9am\u00e9nagement &#038; nouvelle ouverture<\/li>\n<li>Optimisation des processus de d\u00e9bit de boisson<\/li>\n<li>Des solutions personnalis\u00e9es<\/li>\n<li>Economisez des co\u00fbts et du temps de mani\u00e8re d\u00e9montrable<\/li>\n<li>Projet &amp;amp ; coordination jusqu&rsquo;\u00e0 la mise en service<\/li>\n<li>Une organisation de service qui fonctionne bien<\/li>\n<li>Qualit\u00e9 et fiabilit\u00e9 suisse<\/li>\n<\/ul>\n<p>[\/et_pb_text][et_pb_text disabled_on=\u00a0\u00bbon|on|on\u00a0\u00bb _builder_version=\u00a0\u00bb4.24.1&Prime; _module_preset=\u00a0\u00bbdefault\u00a0\u00bb text_font=\u00a0\u00bb||||||||\u00a0\u00bb text_text_color=\u00a0\u00bb#009EE2&Prime; text_font_size=\u00a0\u00bb18px\u00a0\u00bb text_line_height=\u00a0\u00bb1.5em\u00a0\u00bb custom_margin=\u00a0\u00bb||18px|||\u00a0\u00bb text_font_size_tablet=\u00a0\u00bb18px\u00a0\u00bb text_font_size_phone=\u00a0\u00bb16px\u00a0\u00bb text_font_size_last_edited=\u00a0\u00bbon|phone\u00a0\u00bb disabled=\u00a0\u00bbon\u00a0\u00bb global_colors_info=\u00a0\u00bb{}\u00a0\u00bb]<\/p>\n<p>Pour les th\u00e8mes suivants:<\/p>\n<p>[\/et_pb_text][\/et_pb_column][et_pb_column type=\u00a0\u00bb1_2&Prime; _builder_version=\u00a0\u00bb4.21.0&Prime; _module_preset=\u00a0\u00bbdefault\u00a0\u00bb global_colors_info=\u00a0\u00bb{}\u00a0\u00bb][et_pb_text _builder_version=\u00a0\u00bb4.24.1&Prime; _module_preset=\u00a0\u00bbdefault\u00a0\u00bb text_font=\u00a0\u00bb|800|||||||\u00a0\u00bb text_font_size=\u00a0\u00bb56px\u00a0\u00bb header_font=\u00a0\u00bb|800|||||||\u00a0\u00bb header_2_font=\u00a0\u00bb|900|||||||\u00a0\u00bb header_2_text_color=\u00a0\u00bb#ffffff\u00a0\u00bb header_2_font_size=\u00a0\u00bb56px\u00a0\u00bb header_3_text_color=\u00a0\u00bb#ffffff\u00a0\u00bb header_3_font_size=\u00a0\u00bb25px\u00a0\u00bb custom_margin=\u00a0\u00bb||21px|||\u00a0\u00bb custom_padding=\u00a0\u00bb1.5vw||||false|false\u00a0\u00bb header_2_font_size_tablet=\u00a0\u00bb34px\u00a0\u00bb header_2_font_size_phone=\u00a0\u00bb24px\u00a0\u00bb header_2_font_size_last_edited=\u00a0\u00bbon|phone\u00a0\u00bb header_3_font_size_tablet=\u00a0\u00bb\u00a0\u00bb header_3_font_size_phone=\u00a0\u00bb24px\u00a0\u00bb header_3_font_size_last_edited=\u00a0\u00bbon|phone\u00a0\u00bb global_colors_info=\u00a0\u00bb{}\u00a0\u00bb]<\/p>\n<h3><span style=\"color : #009de1 ;\">Avantages <\/span>gr\u00e2ce \u00e0 nos <span style=\"color : #009de1 ;\">installations et syst\u00e8mes<\/span><\/h3>\n<p>[\/et_pb_text][et_pb_text _builder_version=\u00a0\u00bb4.25.2&Prime; _module_preset=\u00a0\u00bbdefault\u00a0\u00bb text_font=\u00a0\u00bb||||||||\u00a0\u00bb text_text_color=\u00a0\u00bb#ffffff\u00a0\u00bb text_font_size=\u00a0\u00bb18px\u00a0\u00bb text_line_height=\u00a0\u00bb1.5em\u00a0\u00bb hover_enabled=\u00a0\u00bb0&Prime; text_font_size_tablet=\u00a0\u00bb18px\u00a0\u00bb text_font_size_phone=\u00a0\u00bb16px\u00a0\u00bb text_font_size_last_edited=\u00a0\u00bbon|phone\u00a0\u00bb global_colors_info=\u00a0\u00bb{}\u00a0\u00bb sticky_enabled=\u00a0\u00bb0&Prime;]<\/p>\n<ul>\n<li>R\u00e9duit la perte de d\u00e9bit<\/li>\n<li>Augmente l\u2019hygi\u00e8ne<\/li>\n<li>Am\u00e9liore la qualit\u00e9 des boissons<\/li>\n<li>Simplifie le stockage et le transport des boissons<\/li>\n<li>Acc\u00e9l\u00e8re le service<\/li>\n<li>Baisse les co\u00fbts d\u2019exploitation<\/li>\n<li>\u00c0 effet durable &amp; \u00e9cologique<\/li>\n<\/ul>\n<p>[\/et_pb_text][\/et_pb_column][\/et_pb_row][\/et_pb_section]<\/p>\n","protected":false},"excerpt":{"rendered":"<p>Infos Stylos-d\u00e9codeurs Tr\u00e8s petits, l\u00e9gers et maniables \u2026 et malgr\u00e9 tout tr\u00e8s robustes Contact magn\u00e9tique simple, rapide et s\u00fbr S\u00e9curit\u00e9 maximale gr\u00e2ce au code du stylo-d\u00e9codeur qui ne peut pas \u00eatre manipul\u00e9 Nombre illimit\u00e9 de stylos-d\u00e9codeurs disponibles en dix couleurs Swiss-Made Pour l\u2019int\u00e9gration dans votre syst\u00e8me, nous vous mettons volontiers des \u00e9chantillons \u00e0 disposition. N\u2019h\u00e9sitez pas \u00e0 nous contacter. Stylos-d\u00e9codeurs num\u00e9ro unique Art. 60.010 stylo-d\u00e9codeur blanc Art. 60.020 stylo-d\u00e9codeur brun Art. 60.030 stylo-d\u00e9codeur vert Art. 60.040 stylo-d\u00e9codeur jaune Art. 60.050 stylo-d\u00e9codeur gris Art. 60.060 stylo-d\u00e9codeur orange Art. 60.070 stylo-d\u00e9codeur bleu Art. 60.080 stylo-d\u00e9codeur rouge Art. 60.090 stylo-d\u00e9codeur violet Art. 60.120 stylo-d\u00e9codeur or Art. 01.420 stylo-d\u00e9codeur noir Art. 61.010 Set \u00e0 10 stylos-d\u00e9codeurs de couleur (sans la couleur or) Art. 01.425 stylo-d\u00e9codeur noir avec num\u00e9ro de r\u00e9f\u00e9rence Stylos-d\u00e9codeurs RFID \u00e0 num\u00e9ro unique Art. 67.010 stylo-d\u00e9codeur blanc Art. 67.020 stylo-d\u00e9codeur brun Art. 67.030 stylo-d\u00e9codeur vert Art. 67.040 stylo-d\u00e9codeur jaune Art. 67.050 stylo-d\u00e9codeur grau Art. 67.060 stylo-d\u00e9codeur gris Art. 67.070 stylo-d\u00e9codeur orange Art. 67.080 stylo-d\u00e9codeur rouge Art. 67.090 stylo-d\u00e9codeur violet Art. 67.100 stylo-d\u00e9codeur noir Art. 67.120 stylo-d\u00e9codeur or Art. 67.210 Set \u00e0 10 stylos-d\u00e9codeurs de couleur (sans la couleur or) Art. 07.425 stylo-d\u00e9codeur noir avec num\u00e9ro de r\u00e9f\u00e9rence Num\u00e9ros autocollantsSur feuille autocollante r\u00e9sistante [&hellip;]<\/p>\n","protected":false},"author":2,"featured_media":0,"parent":0,"menu_order":0,"comment_status":"closed","ping_status":"closed","template":"","meta":{"_et_pb_use_builder":"on","_et_pb_old_content":"","_et_gb_content_width":"","footnotes":""},"class_list":["post-72424","page","type-page","status-publish","hentry"],"_links":{"self":[{"href":"https:\/\/addimat.ch\/fr\/wp-json\/wp\/v2\/pages\/72424","targetHints":{"allow":["GET"]}}],"collection":[{"href":"https:\/\/addimat.ch\/fr\/wp-json\/wp\/v2\/pages"}],"about":[{"href":"https:\/\/addimat.ch\/fr\/wp-json\/wp\/v2\/types\/page"}],"author":[{"embeddable":true,"href":"https:\/\/addimat.ch\/fr\/wp-json\/wp\/v2\/users\/2"}],"replies":[{"embeddable":true,"href":"https:\/\/addimat.ch\/fr\/wp-json\/wp\/v2\/comments?post=72424"}],"version-history":[{"count":9,"href":"https:\/\/addimat.ch\/fr\/wp-json\/wp\/v2\/pages\/72424\/revisions"}],"predecessor-version":[{"id":73021,"href":"https:\/\/addimat.ch\/fr\/wp-json\/wp\/v2\/pages\/72424\/revisions\/73021"}],"wp:attachment":[{"href":"https:\/\/addimat.ch\/fr\/wp-json\/wp\/v2\/media?parent=72424"}],"curies":[{"name":"wp","href":"https:\/\/api.w.org\/{rel}","templated":true}]}}